{"id":3068,"date":"2023-04-26T03:36:23","date_gmt":"2023-04-26T03:36:23","guid":{"rendered":"https:\/\/7distribucions.com\/?post_type=product&#038;p=3068"},"modified":"2024-02-02T11:08:15","modified_gmt":"2024-02-02T11:08:15","slug":"hr3012fcj","status":"publish","type":"product","link":"https:\/\/7distribucions.com\/en\/producto\/hr3012fcj\/","title":{"rendered":"HR3012FCJ"},"content":{"rendered":"<ul>\n<li>Gracias a su redise\u00f1ado mecanismo de perforaci\u00f3n, hemos aumentado su eficiencia dr\u00e1sticamente.<\/li>\n<li>Tecnolog\u00eda antivibraci\u00f3n (AVT) para bajas vibraciones.<\/li>\n<li>Mango antivibraci\u00f3n; El rendimiento de absorci\u00f3n de vibraciones aumenta con dos anillos de amortiguaci\u00f3n. En \u201cforma de D&#8221; con agarre suave de goma para mayor comodidad.<\/li>\n<li>Se logra una menor oscilaci\u00f3n de la broca haciendo que la gu\u00eda sea 8 mm m\u00e1s larga que la de la serie HR2811F.<\/li>\n<li>El potente motor de 1.050 W alcanza los 3,9 J de energ\u00eda de impacto para las aplicaciones m\u00e1s exigentes.<\/li>\n<li>La luz LED ilumina la superficie de perforaci\u00f3n para una mayor productividad en zonas con poca luz.<\/li>\n<li>3 modos de trabajo: &#8220;percusi\u00f3n&#8221; ,&#8221;rotaci\u00f3n&#8221; y &#8220;percusi\u00f3n + rotaci\u00f3n&#8221;.<\/li>\n<li>La funci\u00f3n &#8220;ralent\u00ed&#8221; aumenta la vida \u00fatil de la herramienta.<\/li>\n<li>Embrague de seguridad para reducir el da\u00f1o de los engranajes si la broca se atasca.<\/li>\n<li>El dial de control de velocidad variable permite al operador ajustar la velocidad seg\u00fan los materiales o la aplicaci\u00f3n.<\/li>\n<\/ul>\n<p><a href=\"https:\/\/7distribucions.com\/wp-content\/uploads\/2023\/04\/hr3012fcj_3.pdf\" target=\"_blank\" rel=\"noopener\"><strong>VER CAT\u00c1LOGO<\/strong><\/a><\/p>\n","protected":false},"excerpt":{"rendered":"<p>Gracias a su redise\u00f1ado mecanismo de perforaci\u00f3n, hemos aumentado su eficiencia dr\u00e1sticamente. Tecnolog\u00eda antivibraci\u00f3n (AVT) para bajas vibraciones. Mango antivibraci\u00f3n; El rendimiento de absorci\u00f3n de vibraciones aumenta con dos anillos&#8230;<\/p>\n","protected":false},"featured_media":3069,"template":"","meta":[],"product_brand":[],"product_cat":[89,99],"product_tag":[],"class_list":{"0":"post-3068","1":"product","2":"type-product","3":"status-publish","4":"has-post-thumbnail","6":"product_cat-eines","7":"product_cat-martells-demoledors","9":"first","10":"instock","11":"taxable","12":"shipping-taxable","13":"purchasable","14":"product-type-simple"},"_links":{"self":[{"href":"https:\/\/7distribucions.com\/en\/wp-json\/wp\/v2\/product\/3068","targetHints":{"allow":["GET"]}}],"collection":[{"href":"https:\/\/7distribucions.com\/en\/wp-json\/wp\/v2\/product"}],"about":[{"href":"https:\/\/7distribucions.com\/en\/wp-json\/wp\/v2\/types\/product"}],"wp:featuredmedia":[{"embeddable":true,"href":"https:\/\/7distribucions.com\/en\/wp-json\/wp\/v2\/media\/3069"}],"wp:attachment":[{"href":"https:\/\/7distribucions.com\/en\/wp-json\/wp\/v2\/media?parent=3068"}],"wp:term":[{"taxonomy":"product_brand","embeddable":true,"href":"https:\/\/7distribucions.com\/en\/wp-json\/wp\/v2\/product_brand?post=3068"},{"taxonomy":"product_cat","embeddable":true,"href":"https:\/\/7distribucions.com\/en\/wp-json\/wp\/v2\/product_cat?post=3068"},{"taxonomy":"product_tag","embeddable":true,"href":"https:\/\/7distribucions.com\/en\/wp-json\/wp\/v2\/product_tag?post=3068"}],"curies":[{"name":"wp","href":"https:\/\/api.w.org\/{rel}","templated":true}]}}