{"id":3065,"date":"2023-04-26T03:33:28","date_gmt":"2023-04-26T03:33:28","guid":{"rendered":"https:\/\/7distribucions.com\/?post_type=product&#038;p=3065"},"modified":"2024-02-02T11:08:17","modified_gmt":"2024-02-02T11:08:17","slug":"hm1317c","status":"publish","type":"product","link":"https:\/\/7distribucions.com\/en\/producto\/hm1317c\/","title":{"rendered":"HM1317C"},"content":{"rendered":"<ul>\n<li>Nuevo martillo demoledor de la serie 15 Kg recomendados para suelo. Muy c\u00f3modo de transportar gracias al nuevo modelo de malet\u00edn con ruedas.<\/li>\n<li>Sistema antivibraci\u00f3n &#8220;AVT&#8221; que reduce las vibraciones pr\u00e1cticamente la mitad respecto a los modelos anteriores.<\/li>\n<li>Velocidad variable por dial para ajustar la percusi\u00f3n en los trabajos m\u00e1s delicados. Luces indicadoras de aver\u00eda y de cambio de escobillas.<\/li>\n<li>Reduce las revoluciones en vac\u00edo por lo que reduce la vibraci\u00f3n. Mayor precisi\u00f3n en el comienzo de la demolici\u00f3n.<\/li>\n<li>Escobillas de gran tama\u00f1o que aumentan los tiempos de mantenimiento.<\/li>\n<li>Electr\u00f3nica constante que no baja de revoluciones cuando est\u00e1 en carga.<\/li>\n<li>Elast\u00f3mero en la empu\u00f1adura para mayor confort. Asa perfecta para trabajar con las dos manos e interruptor fijo.<\/li>\n<li>Inserci\u00f3n simplificada, haciendo as\u00ed m\u00e1s sencilla su reparaci\u00f3n.<\/li>\n<li>Interruptor de posici\u00f3n fija para mayor comodidad, no hay que presionar ning\u00fan gatillo ni bloquearlo.<\/li>\n<li>Inserci\u00f3n de 30 mm para la utilizaci\u00f3n de los accesorios Makita.<\/li>\n<\/ul>\n<p><a href=\"https:\/\/7distribucions.com\/wp-content\/uploads\/2023\/04\/hm1317c_3.pdf\" target=\"_blank\" rel=\"noopener\"><strong>VER CAT\u00c1LOGO<\/strong><\/a><\/p>\n","protected":false},"excerpt":{"rendered":"<p>Nuevo martillo demoledor de la serie 15 Kg recomendados para suelo. Muy c\u00f3modo de transportar gracias al nuevo modelo de malet\u00edn con ruedas. Sistema antivibraci\u00f3n &#8220;AVT&#8221; que reduce las vibraciones&#8230;<\/p>\n","protected":false},"featured_media":3066,"template":"","meta":[],"product_brand":[],"product_cat":[89,99],"product_tag":[],"class_list":{"0":"post-3065","1":"product","2":"type-product","3":"status-publish","4":"has-post-thumbnail","6":"product_cat-eines","7":"product_cat-martells-demoledors","9":"first","10":"instock","11":"taxable","12":"shipping-taxable","13":"purchasable","14":"product-type-simple"},"_links":{"self":[{"href":"https:\/\/7distribucions.com\/en\/wp-json\/wp\/v2\/product\/3065","targetHints":{"allow":["GET"]}}],"collection":[{"href":"https:\/\/7distribucions.com\/en\/wp-json\/wp\/v2\/product"}],"about":[{"href":"https:\/\/7distribucions.com\/en\/wp-json\/wp\/v2\/types\/product"}],"wp:featuredmedia":[{"embeddable":true,"href":"https:\/\/7distribucions.com\/en\/wp-json\/wp\/v2\/media\/3066"}],"wp:attachment":[{"href":"https:\/\/7distribucions.com\/en\/wp-json\/wp\/v2\/media?parent=3065"}],"wp:term":[{"taxonomy":"product_brand","embeddable":true,"href":"https:\/\/7distribucions.com\/en\/wp-json\/wp\/v2\/product_brand?post=3065"},{"taxonomy":"product_cat","embeddable":true,"href":"https:\/\/7distribucions.com\/en\/wp-json\/wp\/v2\/product_cat?post=3065"},{"taxonomy":"product_tag","embeddable":true,"href":"https:\/\/7distribucions.com\/en\/wp-json\/wp\/v2\/product_tag?post=3065"}],"curies":[{"name":"wp","href":"https:\/\/api.w.org\/{rel}","templated":true}]}}