{"id":3055,"date":"2023-04-26T02:52:35","date_gmt":"2023-04-26T02:52:35","guid":{"rendered":"https:\/\/7distribucions.com\/?post_type=product&#038;p=3055"},"modified":"2024-02-02T11:08:37","modified_gmt":"2024-02-02T11:08:37","slug":"ud2500","status":"publish","type":"product","link":"https:\/\/7distribucions.com\/en\/producto\/ud2500\/","title":{"rendered":"UD2500"},"content":{"rendered":"<ul>\n<li>Ligero y moderno dise\u00f1o que combina un potente motor para un perfecto triturado.<\/li>\n<li>Para ramas hasta 45mm de di\u00e1metro.<\/li>\n<li>Sistema autom\u00e1tico antibloqueo e interruptor de cambio de sentido de las cuchillas.<\/li>\n<li>Empu\u00f1aduras en ambos lados, permiten un sujeci\u00f3n firme y un c\u00f3modo transporte.<\/li>\n<li>Amplias ruedas de goma que facilitan su transporte por el jard\u00edn.<\/li>\n<li>Dep\u00f3sito inferior de 67L con visor para una sencilla visibilidad cuando el dep\u00f3sito est\u00e1 lleno.<\/li>\n<li>Robusta estructura de metal.<\/li>\n<li>Panel de mando de f\u00e1cil acceso.<\/li>\n<li>Luces indicadoras de conexionado.<\/li>\n<li>Rojo: Cuando la m\u00e1quina est\u00e1 enchufada a la red pero apagada.<\/li>\n<li>Verde: Cuando la m\u00e1quina est\u00e1 encendida.<\/li>\n<li>Verde parpadeando: Cuando la m\u00e1quina est\u00e1 bloqueada.<\/li>\n<li>Rojo parpadeando: Cuando la m\u00e1quina no puede recuperarse autom\u00e1ticamente. Hay que retirar el atasco manualmente. (desenchufando la m\u00e1quina).<\/li>\n<li>Bajo nivel de ruido y sin emisi\u00f3n de gases, ideal para comunidades de vecinos, residencias\u2026<\/li>\n<\/ul>\n<p><a href=\"https:\/\/7distribucions.com\/wp-content\/uploads\/2023\/04\/ud2500_3.pdf\" target=\"_blank\" rel=\"noopener\"><strong>VER CAT\u00c1LOGO<\/strong><\/a><\/p>\n","protected":false},"excerpt":{"rendered":"<p>Ligero y moderno dise\u00f1o que combina un potente motor para un perfecto triturado. Para ramas hasta 45mm de di\u00e1metro. Sistema autom\u00e1tico antibloqueo e interruptor de cambio de sentido de las&#8230;<\/p>\n","protected":false},"featured_media":3056,"template":"","meta":[],"product_brand":[],"product_cat":[89,98],"product_tag":[],"class_list":{"0":"post-3055","1":"product","2":"type-product","3":"status-publish","4":"has-post-thumbnail","6":"product_cat-eines","7":"product_cat-jardi","9":"first","10":"instock","11":"taxable","12":"shipping-taxable","13":"purchasable","14":"product-type-simple"},"_links":{"self":[{"href":"https:\/\/7distribucions.com\/en\/wp-json\/wp\/v2\/product\/3055","targetHints":{"allow":["GET"]}}],"collection":[{"href":"https:\/\/7distribucions.com\/en\/wp-json\/wp\/v2\/product"}],"about":[{"href":"https:\/\/7distribucions.com\/en\/wp-json\/wp\/v2\/types\/product"}],"wp:featuredmedia":[{"embeddable":true,"href":"https:\/\/7distribucions.com\/en\/wp-json\/wp\/v2\/media\/3056"}],"wp:attachment":[{"href":"https:\/\/7distribucions.com\/en\/wp-json\/wp\/v2\/media?parent=3055"}],"wp:term":[{"taxonomy":"product_brand","embeddable":true,"href":"https:\/\/7distribucions.com\/en\/wp-json\/wp\/v2\/product_brand?post=3055"},{"taxonomy":"product_cat","embeddable":true,"href":"https:\/\/7distribucions.com\/en\/wp-json\/wp\/v2\/product_cat?post=3055"},{"taxonomy":"product_tag","embeddable":true,"href":"https:\/\/7distribucions.com\/en\/wp-json\/wp\/v2\/product_tag?post=3055"}],"curies":[{"name":"wp","href":"https:\/\/api.w.org\/{rel}","templated":true}]}}