{"id":3049,"date":"2023-04-26T02:45:42","date_gmt":"2023-04-26T02:45:42","guid":{"rendered":"https:\/\/7distribucions.com\/?post_type=product&#038;p=3049"},"modified":"2024-02-02T11:08:39","modified_gmt":"2024-02-02T11:08:39","slug":"uc002gz","status":"publish","type":"product","link":"https:\/\/7distribucions.com\/en\/producto\/uc002gz\/","title":{"rendered":"UC002GZ"},"content":{"rendered":"<ul>\n<li>Sierra de cadena a bater\u00eda de 25cm 40Vm\u00e1x con motor BL.<\/li>\n<li>Excelente rendimiento de corte equivalente a las sierras de clase 30 c.c para una tala suave de \u00e1rboles con un di\u00e1metro de 235mm aprox.<\/li>\n<li>Gracias a la comunicaci\u00f3n digital herramienta- bater\u00eda, se ha elevado el umbral de limitaci\u00f3n de corriente.<\/li>\n<li>El motor BL ofrece una velocidad de cadena de 0-25m\/s para un corte r\u00e1pido.<\/li>\n<li>Interruptor de alimentaci\u00f3n principal con funci\u00f3n de apagado autom\u00e1tico para ahorrar bater\u00eda y evitar el encendido accidental.<\/li>\n<li>Compatible con WetGuard \/ IPX4.<\/li>\n<li>La alta resistencia al agua permite operar con la m\u00e1quina incluso cuando est\u00e1 mojada.<\/li>\n<li>Tuercas antip\u00e9rdida que minimizan la p\u00e9rdida de estas al reemplazar la barra gu\u00eda o la cadena de la sierra.<\/li>\n<li>El tanque de aceite con ventana de visualizaci\u00f3n permite agregar y verificar f\u00e1cilmente el nivel de aceite.<\/li>\n<li>El tope de p\u00faas de metal sujeta firmemente la pieza de trabajo, lo que ofrece mayor control y facilidad en el corte.<\/li>\n<li>Lubricaci\u00f3n de cadena autom\u00e1tica ajustable con gran dep\u00f3sito de aceite.<\/li>\n<li>Agarre suave para mayor comodidad.<\/li>\n<li>Con freno el\u00e9ctrico y mec\u00e1nico para una m\u00e1xima productividad.<\/li>\n<li>Mantenimiento reducido al no necesitar cambio de aceite del motor, buj\u00eda, cambio de filtro del aire ni drenaje del combustible para ser almacenada.<\/li>\n<li>Puesta en marcha instant\u00e1nea.<\/li>\n<li>El circuito de protecci\u00f3n de la bater\u00eda la protege de sobrecarga, sobredescarga y sobrecalentamiento.<\/li>\n<\/ul>\n<p><a href=\"https:\/\/7distribucions.com\/wp-content\/uploads\/2023\/04\/uc002gz_3.pdf\" target=\"_blank\" rel=\"noopener\"><strong>VER CAT\u00c1LOGO<\/strong><\/a><\/p>\n","protected":false},"excerpt":{"rendered":"<p>Sierra de cadena a bater\u00eda de 25cm 40Vm\u00e1x con motor BL. Excelente rendimiento de corte equivalente a las sierras de clase 30 c.c para una tala suave de \u00e1rboles con&#8230;<\/p>\n","protected":false},"featured_media":3050,"template":"","meta":[],"product_brand":[],"product_cat":[89,98],"product_tag":[],"class_list":{"0":"post-3049","1":"product","2":"type-product","3":"status-publish","4":"has-post-thumbnail","6":"product_cat-eines","7":"product_cat-jardi","9":"first","10":"instock","11":"taxable","12":"shipping-taxable","13":"purchasable","14":"product-type-simple"},"_links":{"self":[{"href":"https:\/\/7distribucions.com\/en\/wp-json\/wp\/v2\/product\/3049","targetHints":{"allow":["GET"]}}],"collection":[{"href":"https:\/\/7distribucions.com\/en\/wp-json\/wp\/v2\/product"}],"about":[{"href":"https:\/\/7distribucions.com\/en\/wp-json\/wp\/v2\/types\/product"}],"wp:featuredmedia":[{"embeddable":true,"href":"https:\/\/7distribucions.com\/en\/wp-json\/wp\/v2\/media\/3050"}],"wp:attachment":[{"href":"https:\/\/7distribucions.com\/en\/wp-json\/wp\/v2\/media?parent=3049"}],"wp:term":[{"taxonomy":"product_brand","embeddable":true,"href":"https:\/\/7distribucions.com\/en\/wp-json\/wp\/v2\/product_brand?post=3049"},{"taxonomy":"product_cat","embeddable":true,"href":"https:\/\/7distribucions.com\/en\/wp-json\/wp\/v2\/product_cat?post=3049"},{"taxonomy":"product_tag","embeddable":true,"href":"https:\/\/7distribucions.com\/en\/wp-json\/wp\/v2\/product_tag?post=3049"}],"curies":[{"name":"wp","href":"https:\/\/api.w.org\/{rel}","templated":true}]}}