{"id":3046,"date":"2023-04-26T02:43:28","date_gmt":"2023-04-26T02:43:28","guid":{"rendered":"https:\/\/7distribucions.com\/?post_type=product&#038;p=3046"},"modified":"2024-02-02T11:08:41","modified_gmt":"2024-02-02T11:08:41","slug":"ua004gz","status":"publish","type":"product","link":"https:\/\/7distribucions.com\/en\/producto\/ua004gz\/","title":{"rendered":"UA004GZ"},"content":{"rendered":"<ul>\n<li>Sierra de cadena a bater\u00eda XGT desarrollada como alternativa a partir del modelo DUA250.<\/li>\n<li>Con extensi\u00f3n telesc\u00f3pica de hasta 4m de m\u00e1ximo teniendo en cuenta toda la herramienta.<\/li>\n<li>El motor est\u00e1 ubicado en la parte inferior de la herramienta lo que hace que sea m\u00e1s f\u00e1cil controlar el cabezal de la sierra para conseguir la posici\u00f3n de corte deseada y reducir la fatiga del usuario.<\/li>\n<li>El motor BL de alta potencia ofrece la misma o mayor eficiencia de funcionamiento que los modelos a gasolina de motor de 35 cc.<\/li>\n<li>Con tecnolog\u00eda WetGuard \/ IPX4 que proporciona una excelente resistencia al agua.<\/li>\n<li>Tecnolog\u00eda AFT: apaga el motor si la velocidad de rotaci\u00f3n disminuye repentinamente.<\/li>\n<li>Sistema de tuercas anti- ca\u00edda que minimiza la p\u00e9rdida de las mismas al reemplazar la barra o la cadena.<\/li>\n<li>El cabezal de la sierra es ligero, para poder acceder f\u00e1cilmente a la posici\u00f3n de corte deseada y reducir la fatiga del operador.<\/li>\n<li>La perilla retr\u00e1ctil de la tapa del tanque de aceite hace que el cabezal de la sierra no se enganche con las ramas.<\/li>\n<li>El dep\u00f3sito de aceite es transparente, lo que permite comprobar el nivel del mismo con facilidad.<\/li>\n<li>El gancho que viene integrado permite apartar las ramas cortadas de los \u00e1rboles.<\/li>\n<li>El protector de la bater\u00eda tambi\u00e9n puede ser utilizado como expu\u00f1adura auxiliar.<\/li>\n<li>La funci\u00f3n de arranque suave aumenta gradualmente la velocidad para eliminar el impacto del inicio.<\/li>\n<li>Con interruptor de velocidad variable para un control \u00f3ptimo de la herramienta.<\/li>\n<li>La funci\u00f3n de bloqueo evita el arranque accidental.<\/li>\n<li>La tecnolog\u00eda XPT de la herramienta proporciona una mayor resistencia al polvo y al agua.<\/li>\n<li>Mantenimiento reducido al no necesitar cambio de aceite del motor, buj\u00eda, cambio de filtro del aire ni drenaje del combustible para ser almacenada.<\/li>\n<li>El circuito de protecci\u00f3n de la bater\u00eda la protege de sobrecarga, sobredescarga y sobrecalentamiento.<\/li>\n<\/ul>\n<p><a href=\"https:\/\/7distribucions.com\/wp-content\/uploads\/2023\/04\/ua004gz_3.pdf\" target=\"_blank\" rel=\"noopener\"><strong>VER CAT\u00c1LOGO<\/strong><\/a><\/p>\n","protected":false},"excerpt":{"rendered":"<p>Sierra de cadena a bater\u00eda XGT desarrollada como alternativa a partir del modelo DUA250. Con extensi\u00f3n telesc\u00f3pica de hasta 4m de m\u00e1ximo teniendo en cuenta toda la herramienta. El motor&#8230;<\/p>\n","protected":false},"featured_media":3047,"template":"","meta":[],"product_brand":[],"product_cat":[89,98],"product_tag":[],"class_list":{"0":"post-3046","1":"product","2":"type-product","3":"status-publish","4":"has-post-thumbnail","6":"product_cat-eines","7":"product_cat-jardi","9":"first","10":"instock","11":"taxable","12":"shipping-taxable","13":"purchasable","14":"product-type-simple"},"_links":{"self":[{"href":"https:\/\/7distribucions.com\/en\/wp-json\/wp\/v2\/product\/3046","targetHints":{"allow":["GET"]}}],"collection":[{"href":"https:\/\/7distribucions.com\/en\/wp-json\/wp\/v2\/product"}],"about":[{"href":"https:\/\/7distribucions.com\/en\/wp-json\/wp\/v2\/types\/product"}],"wp:featuredmedia":[{"embeddable":true,"href":"https:\/\/7distribucions.com\/en\/wp-json\/wp\/v2\/media\/3047"}],"wp:attachment":[{"href":"https:\/\/7distribucions.com\/en\/wp-json\/wp\/v2\/media?parent=3046"}],"wp:term":[{"taxonomy":"product_brand","embeddable":true,"href":"https:\/\/7distribucions.com\/en\/wp-json\/wp\/v2\/product_brand?post=3046"},{"taxonomy":"product_cat","embeddable":true,"href":"https:\/\/7distribucions.com\/en\/wp-json\/wp\/v2\/product_cat?post=3046"},{"taxonomy":"product_tag","embeddable":true,"href":"https:\/\/7distribucions.com\/en\/wp-json\/wp\/v2\/product_tag?post=3046"}],"curies":[{"name":"wp","href":"https:\/\/api.w.org\/{rel}","templated":true}]}}