{"id":3043,"date":"2023-04-26T02:41:03","date_gmt":"2023-04-26T02:41:03","guid":{"rendered":"https:\/\/7distribucions.com\/?post_type=product&#038;p=3043"},"modified":"2024-02-02T11:08:23","modified_gmt":"2024-02-02T11:08:23","slug":"duh604sz","status":"publish","type":"product","link":"https:\/\/7distribucions.com\/en\/producto\/duh604sz\/","title":{"rendered":"DUH604SZ"},"content":{"rendered":"<ul>\n<li>Cosrtasetos de 60cm LXT de corte simple.<\/li>\n<li>Estructura antivibraci\u00f3n. Consiste en una secci\u00f3n de manivela motor y una secci\u00f3n de mango, unidas por 5 cojinetes para absorber la vibraci\u00f3n de la cuchilla.<\/li>\n<li>Asidero regulable: se puede girar tanto a la izquierda como a la derecha en un \u00e1ngulo de 45\u00ba o 90\u00ba. Facilita el recorte vertical y en \u00e1ngulo de una forma m\u00e1s r\u00e1pida.<\/li>\n<li>Velocidad variable controlada por Dial para adaptar las revoluciones a la aplicaci\u00f3n a realizar.<\/li>\n<li>Interruptor de seguridad, el usuario debe tener las dos manos, una en cada empu\u00f1adura, para poner la herramienta en marcha.<\/li>\n<li>Forma \u00f3ptima de la hoja para un corte suave.<\/li>\n<li>Motor BL sin escobillas: Mayor tiempo de trabajo con una carga de bater\u00eda. Aumenta la vida de las bater\u00edas. Mayor durabilidad en trabajos cont\u00ednuos.<\/li>\n<li>Muy ligero (4,3 Kg).<\/li>\n<li>3 Velocidades + Gatillo con velocidad variable.<\/li>\n<\/ul>\n<p><a href=\"https:\/\/7distribucions.com\/wp-content\/uploads\/2023\/04\/duh604sz_3.pdf\" target=\"_blank\" rel=\"noopener\"><strong>VER CAT\u00c1LOGO<\/strong><\/a><\/p>\n","protected":false},"excerpt":{"rendered":"<p>Cosrtasetos de 60cm LXT de corte simple. Estructura antivibraci\u00f3n. Consiste en una secci\u00f3n de manivela motor y una secci\u00f3n de mango, unidas por 5 cojinetes para absorber la vibraci\u00f3n de&#8230;<\/p>\n","protected":false},"featured_media":3044,"template":"","meta":[],"product_brand":[],"product_cat":[89,98],"product_tag":[],"class_list":{"0":"post-3043","1":"product","2":"type-product","3":"status-publish","4":"has-post-thumbnail","6":"product_cat-eines","7":"product_cat-jardi","9":"first","10":"instock","11":"taxable","12":"shipping-taxable","13":"purchasable","14":"product-type-simple"},"_links":{"self":[{"href":"https:\/\/7distribucions.com\/en\/wp-json\/wp\/v2\/product\/3043","targetHints":{"allow":["GET"]}}],"collection":[{"href":"https:\/\/7distribucions.com\/en\/wp-json\/wp\/v2\/product"}],"about":[{"href":"https:\/\/7distribucions.com\/en\/wp-json\/wp\/v2\/types\/product"}],"wp:featuredmedia":[{"embeddable":true,"href":"https:\/\/7distribucions.com\/en\/wp-json\/wp\/v2\/media\/3044"}],"wp:attachment":[{"href":"https:\/\/7distribucions.com\/en\/wp-json\/wp\/v2\/media?parent=3043"}],"wp:term":[{"taxonomy":"product_brand","embeddable":true,"href":"https:\/\/7distribucions.com\/en\/wp-json\/wp\/v2\/product_brand?post=3043"},{"taxonomy":"product_cat","embeddable":true,"href":"https:\/\/7distribucions.com\/en\/wp-json\/wp\/v2\/product_cat?post=3043"},{"taxonomy":"product_tag","embeddable":true,"href":"https:\/\/7distribucions.com\/en\/wp-json\/wp\/v2\/product_tag?post=3043"}],"curies":[{"name":"wp","href":"https:\/\/api.w.org\/{rel}","templated":true}]}}