{"id":3040,"date":"2023-04-26T02:38:55","date_gmt":"2023-04-26T02:38:55","guid":{"rendered":"https:\/\/7distribucions.com\/?post_type=product&#038;p=3040"},"modified":"2024-02-02T11:08:24","modified_gmt":"2024-02-02T11:08:24","slug":"duh523rf","status":"publish","type":"product","link":"https:\/\/7distribucions.com\/en\/producto\/duh523rf\/","title":{"rendered":"DUH523RF"},"content":{"rendered":"<ul>\n<li>Muy c\u00f3modo para peque\u00f1os trabajos de jardiner\u00eda.<\/li>\n<li>Ideal para utilizar en lugares donde no es posible la conexi\u00f3n a la red el\u00e9ctrica o lugares donde no se pueda exceder ciertos niveles de ruido.<\/li>\n<li>Perfecto para su uso en \u00e1reas residenciales, escuelas, hospitales, etc\u2026<\/li>\n<li>Sistema anti vibraci\u00f3n que separa las empu\u00f1aduras del motor mediante 4 silentblocks. Menos vibraci\u00f3n para el usuario.<\/li>\n<li>Dise\u00f1o muy ergon\u00f3mico con empu\u00f1adura antideslizante para un agarre m\u00e1s seguro y confortable.<\/li>\n<li>Dos interruptores. Por seguridad la m\u00e1quina se pondr\u00e1 en marcha cuando accionemos los dos interruptores al mismo tiempo.<\/li>\n<li>El peine est\u00e1 recubierto de un ba\u00f1o de n\u00edquel que le protege de la corrosi\u00f3n alargando la vida \u00fatil de las cuchillas.<\/li>\n<li>Freno el\u00e9ctrico de seguridad que para las cuchillas en el mismo momento que soltamos alguno de los dos interruptores. M\u00e1s seguridad.<\/li>\n<li>El cambio del peine lo puede realizar el usuario ya que el sistema de engranajes es muy accesible y muy sencillo de cambiar.<\/li>\n<\/ul>\n<p><a href=\"https:\/\/7distribucions.com\/wp-content\/uploads\/2023\/04\/duh523rf_3.pdf\" target=\"_blank\" rel=\"noopener\"><strong>VER CAT\u00c1LOGO<\/strong><\/a><\/p>\n","protected":false},"excerpt":{"rendered":"<p>Muy c\u00f3modo para peque\u00f1os trabajos de jardiner\u00eda. Ideal para utilizar en lugares donde no es posible la conexi\u00f3n a la red el\u00e9ctrica o lugares donde no se pueda exceder ciertos&#8230;<\/p>\n","protected":false},"featured_media":3041,"template":"","meta":[],"product_brand":[],"product_cat":[89,98],"product_tag":[],"class_list":{"0":"post-3040","1":"product","2":"type-product","3":"status-publish","4":"has-post-thumbnail","6":"product_cat-eines","7":"product_cat-jardi","9":"first","10":"instock","11":"taxable","12":"shipping-taxable","13":"purchasable","14":"product-type-simple"},"_links":{"self":[{"href":"https:\/\/7distribucions.com\/en\/wp-json\/wp\/v2\/product\/3040","targetHints":{"allow":["GET"]}}],"collection":[{"href":"https:\/\/7distribucions.com\/en\/wp-json\/wp\/v2\/product"}],"about":[{"href":"https:\/\/7distribucions.com\/en\/wp-json\/wp\/v2\/types\/product"}],"wp:featuredmedia":[{"embeddable":true,"href":"https:\/\/7distribucions.com\/en\/wp-json\/wp\/v2\/media\/3041"}],"wp:attachment":[{"href":"https:\/\/7distribucions.com\/en\/wp-json\/wp\/v2\/media?parent=3040"}],"wp:term":[{"taxonomy":"product_brand","embeddable":true,"href":"https:\/\/7distribucions.com\/en\/wp-json\/wp\/v2\/product_brand?post=3040"},{"taxonomy":"product_cat","embeddable":true,"href":"https:\/\/7distribucions.com\/en\/wp-json\/wp\/v2\/product_cat?post=3040"},{"taxonomy":"product_tag","embeddable":true,"href":"https:\/\/7distribucions.com\/en\/wp-json\/wp\/v2\/product_tag?post=3040"}],"curies":[{"name":"wp","href":"https:\/\/api.w.org\/{rel}","templated":true}]}}