{"id":3030,"date":"2023-04-26T02:19:59","date_gmt":"2023-04-26T02:19:59","guid":{"rendered":"https:\/\/7distribucions.com\/?post_type=product&#038;p=3030"},"modified":"2024-02-02T11:08:27","modified_gmt":"2024-02-02T11:08:27","slug":"dub361z","status":"publish","type":"product","link":"https:\/\/7distribucions.com\/en\/producto\/dub361z\/","title":{"rendered":"DUB361Z"},"content":{"rendered":"<ul>\n<li>Potente motor de 36V. Emplea dos bater\u00edas de 18V. Se pueden mezclar bater\u00edas de distintos amperajes.<\/li>\n<li>Alta capacidad de soplado, con mayor potencia y capacidad de trabajo.<\/li>\n<li>Id\u00f3neo para para espacios p\u00fablicos por su bajo nivel de ruido, tan s\u00f3lo 86dB.<\/li>\n<li>Dos velocidades para m\u00faltiples aplicaciones.<\/li>\n<li>Interruptor localizado en la parte superior de la empu\u00f1adura para mayor confort del operario.<\/li>\n<li>Ergon\u00f3mica, con la empu\u00f1adura antideslizante.<\/li>\n<li>Boquilla de soplado extra larga, para llegar a los rincones m\u00e1s ocultos.<\/li>\n<li>Velocidad baja para amontonar hojas sin arrastrar otros restos, como arena o grava.<\/li>\n<li>Indicador de bater\u00eda baja independiente para cada una de ellas. Cuando uno de ellos se enciende la m\u00e1quina se para, teniendo que cambiar la bater\u00eda.<\/li>\n<li>Tecnolog\u00eda XPT: protege la m\u00e1quina en condiciones adversas. Evita que se introduzcan las par[culas de polvo y la humedad.<\/li>\n<li>Solo dispone de funci\u00f3n soplado.<\/li>\n<\/ul>\n<p><a href=\"https:\/\/7distribucions.com\/wp-content\/uploads\/2023\/04\/dub361z_3.pdf\" target=\"_blank\" rel=\"noopener\"><strong>VER CAT\u00c1LOGO<\/strong><\/a><\/p>\n","protected":false},"excerpt":{"rendered":"<p>Potente motor de 36V. Emplea dos bater\u00edas de 18V. Se pueden mezclar bater\u00edas de distintos amperajes. Alta capacidad de soplado, con mayor potencia y capacidad de trabajo. Id\u00f3neo para para&#8230;<\/p>\n","protected":false},"featured_media":3031,"template":"","meta":[],"product_brand":[],"product_cat":[89,98],"product_tag":[],"class_list":{"0":"post-3030","1":"product","2":"type-product","3":"status-publish","4":"has-post-thumbnail","6":"product_cat-eines","7":"product_cat-jardi","9":"first","10":"instock","11":"taxable","12":"shipping-taxable","13":"purchasable","14":"product-type-simple"},"_links":{"self":[{"href":"https:\/\/7distribucions.com\/en\/wp-json\/wp\/v2\/product\/3030","targetHints":{"allow":["GET"]}}],"collection":[{"href":"https:\/\/7distribucions.com\/en\/wp-json\/wp\/v2\/product"}],"about":[{"href":"https:\/\/7distribucions.com\/en\/wp-json\/wp\/v2\/types\/product"}],"wp:featuredmedia":[{"embeddable":true,"href":"https:\/\/7distribucions.com\/en\/wp-json\/wp\/v2\/media\/3031"}],"wp:attachment":[{"href":"https:\/\/7distribucions.com\/en\/wp-json\/wp\/v2\/media?parent=3030"}],"wp:term":[{"taxonomy":"product_brand","embeddable":true,"href":"https:\/\/7distribucions.com\/en\/wp-json\/wp\/v2\/product_brand?post=3030"},{"taxonomy":"product_cat","embeddable":true,"href":"https:\/\/7distribucions.com\/en\/wp-json\/wp\/v2\/product_cat?post=3030"},{"taxonomy":"product_tag","embeddable":true,"href":"https:\/\/7distribucions.com\/en\/wp-json\/wp\/v2\/product_tag?post=3030"}],"curies":[{"name":"wp","href":"https:\/\/api.w.org\/{rel}","templated":true}]}}