{"id":3021,"date":"2023-04-26T02:09:20","date_gmt":"2023-04-26T02:09:20","guid":{"rendered":"https:\/\/7distribucions.com\/?post_type=product&#038;p=3021"},"modified":"2024-02-02T11:08:29","modified_gmt":"2024-02-02T11:08:29","slug":"dcu180z","status":"publish","type":"product","link":"https:\/\/7distribucions.com\/en\/producto\/dcu180z\/","title":{"rendered":"DCU180Z"},"content":{"rendered":"<ul>\n<li>Carretilla a bater\u00eda con potente motor BL de 18V alimentada con bater\u00edas Litio-ion. Ideal para trabajos en cultivos, jardiner\u00eda, etc.<\/li>\n<li>Posibilidad de trabajar con cuba o con plataforma (no incluidas), para poder transportar material, carga etc.<\/li>\n<li>Dispone de 2 velocidades y marcha atr\u00e1s con se\u00f1al auditiva de seguridad.<\/li>\n<li>Velocidad variable con arranque suave.<\/li>\n<li>Freno en mano para poder controlar su manejo en pendientes.<\/li>\n<li>Agarre ajustable a 3 posiciones de altura.<\/li>\n<li>Ruedas traseras regulables en altura con freno de pie. Pueden sustituirse por patas (incluidas) en caso de solo querer disponer de una \u00fanica rueda delantera.<\/li>\n<li>Mecanismo de seguridad antivuelco, sujeta la cuba o plataforma evitando que se vuelque accidentalmente.<\/li>\n<li>Capacidad para insertar 2 bater\u00edas duplicando as\u00ed el tiempo de trabajo, es posible combinar amperajes.<\/li>\n<li>M\u00e1xima capacidad de carga 130 Kg.<\/li>\n<li>Dise\u00f1ada con la tecnolog\u00eda XPT protegi\u00e9ndola frente el polvo o agua en condiciones adversas.<\/li>\n<\/ul>\n<p><a href=\"https:\/\/7distribucions.com\/wp-content\/uploads\/2023\/04\/dcu180z_3.pdf\" target=\"_blank\" rel=\"noopener\"><strong>VER CAT\u00c1LOGO<\/strong><\/a><\/p>\n","protected":false},"excerpt":{"rendered":"<p>Carretilla a bater\u00eda con potente motor BL de 18V alimentada con bater\u00edas Litio-ion. Ideal para trabajos en cultivos, jardiner\u00eda, etc. Posibilidad de trabajar con cuba o con plataforma (no incluidas),&#8230;<\/p>\n","protected":false},"featured_media":3022,"template":"","meta":[],"product_brand":[],"product_cat":[89,98],"product_tag":[],"class_list":{"0":"post-3021","1":"product","2":"type-product","3":"status-publish","4":"has-post-thumbnail","6":"product_cat-eines","7":"product_cat-jardi","9":"first","10":"instock","11":"taxable","12":"shipping-taxable","13":"purchasable","14":"product-type-simple"},"_links":{"self":[{"href":"https:\/\/7distribucions.com\/en\/wp-json\/wp\/v2\/product\/3021","targetHints":{"allow":["GET"]}}],"collection":[{"href":"https:\/\/7distribucions.com\/en\/wp-json\/wp\/v2\/product"}],"about":[{"href":"https:\/\/7distribucions.com\/en\/wp-json\/wp\/v2\/types\/product"}],"wp:featuredmedia":[{"embeddable":true,"href":"https:\/\/7distribucions.com\/en\/wp-json\/wp\/v2\/media\/3022"}],"wp:attachment":[{"href":"https:\/\/7distribucions.com\/en\/wp-json\/wp\/v2\/media?parent=3021"}],"wp:term":[{"taxonomy":"product_brand","embeddable":true,"href":"https:\/\/7distribucions.com\/en\/wp-json\/wp\/v2\/product_brand?post=3021"},{"taxonomy":"product_cat","embeddable":true,"href":"https:\/\/7distribucions.com\/en\/wp-json\/wp\/v2\/product_cat?post=3021"},{"taxonomy":"product_tag","embeddable":true,"href":"https:\/\/7distribucions.com\/en\/wp-json\/wp\/v2\/product_tag?post=3021"}],"curies":[{"name":"wp","href":"https:\/\/api.w.org\/{rel}","templated":true}]}}