{"id":3018,"date":"2023-04-26T02:06:57","date_gmt":"2023-04-26T02:06:57","guid":{"rendered":"https:\/\/7distribucions.com\/?post_type=product&#038;p=3018"},"modified":"2024-02-02T11:08:31","modified_gmt":"2024-02-02T11:08:31","slug":"ml002g","status":"publish","type":"product","link":"https:\/\/7distribucions.com\/en\/producto\/ml002g\/","title":{"rendered":"ML002G"},"content":{"rendered":"<ul>\n<li>Interruptor de fuente de alimentaci\u00f3n USB con funci\u00f3n de apagado autom\u00e1tico que ahorra energ\u00eda de la bater\u00eda.<\/li>\n<li>El puerto USB incorporado para cargar dispositivos electr\u00f3nicos port\u00e1tiles est\u00e1 equipado con una tapa de goma para minimizar la entrada de polvo y escombros.<\/li>\n<li>El amperaje del puerto de salida USB tipo A es 2,4A.<\/li>\n<li>3 modos de iluminaci\u00f3n: 360 \u00b0 como linterna de \u00e1rea, 180 \u00b0 como luz de trabajo y superior que act\u00faa como linterna.<\/li>\n<li>El modo 360 \u00b0 proporciona 710 l\u00famenes; El modo 180 \u00b0 proporciona 340 l\u00famenes; el modo de linterna proporciona 130 l\u00famenes.<\/li>\n<li>La iluminaci\u00f3n de 180 \u00b0 &#8211; 360 \u00b0 permite al usuario seleccionar entre toda el \u00e1rea de trabajo o la iluminaci\u00f3n de una tarea espec\u00edfica.<\/li>\n<li>La tecnolog\u00eda de protecci\u00f3n extrema (XPT) est\u00e1 dise\u00f1ada para proporcionar una mayor resistencia al polvo y al agua en las duras condiciones del lugar de trabajo.<\/li>\n<li>Hasta 16\/10 horas de iluminaci\u00f3n continua en modo 360 \u00b0 con BL4040 \/ BL4025.<\/li>\n<li>Hasta 29\/18 horas de iluminaci\u00f3n continua en modo de 180 \u00b0 con BL4040 \/ BL4025.<\/li>\n<li>Hasta 51\/32 horas de iluminaci\u00f3n continua en modo linterna con BL4040 \/ BL4025.<\/li>\n<li>Ligera para reducir la fatiga del usuario.<\/li>\n<li>El agarre suave proporciona una mayor comodidad en el trabajo.<\/li>\n<\/ul>\n<p><a href=\"https:\/\/7distribucions.com\/wp-content\/uploads\/2023\/04\/ml002g_3.pdf\" target=\"_blank\" rel=\"noopener\"><strong>VER CAT\u00c1LOGO<\/strong><\/a><\/p>\n","protected":false},"excerpt":{"rendered":"<p>Interruptor de fuente de alimentaci\u00f3n USB con funci\u00f3n de apagado autom\u00e1tico que ahorra energ\u00eda de la bater\u00eda. El puerto USB incorporado para cargar dispositivos electr\u00f3nicos port\u00e1tiles est\u00e1 equipado con una&#8230;<\/p>\n","protected":false},"featured_media":3019,"template":"","meta":[],"product_brand":[],"product_cat":[89,97],"product_tag":[],"class_list":{"0":"post-3018","1":"product","2":"type-product","3":"status-publish","4":"has-post-thumbnail","6":"product_cat-eines","7":"product_cat-especial","9":"first","10":"instock","11":"taxable","12":"shipping-taxable","13":"purchasable","14":"product-type-simple"},"_links":{"self":[{"href":"https:\/\/7distribucions.com\/en\/wp-json\/wp\/v2\/product\/3018","targetHints":{"allow":["GET"]}}],"collection":[{"href":"https:\/\/7distribucions.com\/en\/wp-json\/wp\/v2\/product"}],"about":[{"href":"https:\/\/7distribucions.com\/en\/wp-json\/wp\/v2\/types\/product"}],"wp:featuredmedia":[{"embeddable":true,"href":"https:\/\/7distribucions.com\/en\/wp-json\/wp\/v2\/media\/3019"}],"wp:attachment":[{"href":"https:\/\/7distribucions.com\/en\/wp-json\/wp\/v2\/media?parent=3018"}],"wp:term":[{"taxonomy":"product_brand","embeddable":true,"href":"https:\/\/7distribucions.com\/en\/wp-json\/wp\/v2\/product_brand?post=3018"},{"taxonomy":"product_cat","embeddable":true,"href":"https:\/\/7distribucions.com\/en\/wp-json\/wp\/v2\/product_cat?post=3018"},{"taxonomy":"product_tag","embeddable":true,"href":"https:\/\/7distribucions.com\/en\/wp-json\/wp\/v2\/product_tag?post=3018"}],"curies":[{"name":"wp","href":"https:\/\/api.w.org\/{rel}","templated":true}]}}