{"id":3015,"date":"2023-04-26T02:04:39","date_gmt":"2023-04-26T02:04:39","guid":{"rendered":"https:\/\/7distribucions.com\/?post_type=product&#038;p=3015"},"modified":"2024-02-02T11:08:32","modified_gmt":"2024-02-02T11:08:32","slug":"dmr200","status":"publish","type":"product","link":"https:\/\/7distribucions.com\/en\/producto\/dmr200\/","title":{"rendered":"DMR200"},"content":{"rendered":"<ul>\n<li>Altavoz para zona de trabajo con bluetooth para escuchar tu m\u00fasica donde quieras.<\/li>\n<li>Podr\u00e1s conectar tu dispositivo a trav\u00e9s de bluetooth y controlarlo con los botones del panel superior.<\/li>\n<li>Dise\u00f1ado con la tecnolog\u00eda XPT que nos permite disfrutar de la m\u00fasica bajo las condiciones m\u00e1s adversas, resistente tanto al polvo como a la lluvia.<\/li>\n<li>Dispone de un altavoz woofer de 101,6 mm y un altavoz tweeter de 36 mm para sacar la m\u00e1xima calidad de sonido.<\/li>\n<li>Asa antideslizante para un transporte m\u00e1s c\u00f3modo.<\/li>\n<li>Salida USB que permite la carga de tel\u00e9fono m\u00f3vil.<\/li>\n<li>Compartimento estanco para poder guardar el tel\u00e9fono m\u00f3vil mientras est\u00e1 reproduciendo o cargando.<\/li>\n<li>Entrada AUX de Jack 3,5 mm para poder conectar cualquier dispositivo multimedia.<\/li>\n<li>Alimentaci\u00f3n a trav\u00e9s de adaptador de red AC para poder conectarlo en caso de no disponer de bater\u00eda.<\/li>\n<li>Compatible con nuestras bater\u00edas litio-ion: BL1020B \u2013 BL1040B \u2013 BL1430B \u2013 BL1440B \u2013 BL1815N \u2013 BL1820 \u2013 BL1830B \u2013 BL1840B \u2013 BL1850B<\/li>\n<\/ul>\n<p><a href=\"https:\/\/7distribucions.com\/wp-content\/uploads\/2023\/04\/dmr200_3.pdf\" target=\"_blank\" rel=\"noopener\"><strong>VER CAT\u00c1LOGO<\/strong><\/a><\/p>\n","protected":false},"excerpt":{"rendered":"<p>Altavoz para zona de trabajo con bluetooth para escuchar tu m\u00fasica donde quieras. Podr\u00e1s conectar tu dispositivo a trav\u00e9s de bluetooth y controlarlo con los botones del panel superior. Dise\u00f1ado&#8230;<\/p>\n","protected":false},"featured_media":3016,"template":"","meta":[],"product_brand":[],"product_cat":[89,97],"product_tag":[],"class_list":{"0":"post-3015","1":"product","2":"type-product","3":"status-publish","4":"has-post-thumbnail","6":"product_cat-eines","7":"product_cat-especial","9":"first","10":"instock","11":"taxable","12":"shipping-taxable","13":"purchasable","14":"product-type-simple"},"_links":{"self":[{"href":"https:\/\/7distribucions.com\/en\/wp-json\/wp\/v2\/product\/3015","targetHints":{"allow":["GET"]}}],"collection":[{"href":"https:\/\/7distribucions.com\/en\/wp-json\/wp\/v2\/product"}],"about":[{"href":"https:\/\/7distribucions.com\/en\/wp-json\/wp\/v2\/types\/product"}],"wp:featuredmedia":[{"embeddable":true,"href":"https:\/\/7distribucions.com\/en\/wp-json\/wp\/v2\/media\/3016"}],"wp:attachment":[{"href":"https:\/\/7distribucions.com\/en\/wp-json\/wp\/v2\/media?parent=3015"}],"wp:term":[{"taxonomy":"product_brand","embeddable":true,"href":"https:\/\/7distribucions.com\/en\/wp-json\/wp\/v2\/product_brand?post=3015"},{"taxonomy":"product_cat","embeddable":true,"href":"https:\/\/7distribucions.com\/en\/wp-json\/wp\/v2\/product_cat?post=3015"},{"taxonomy":"product_tag","embeddable":true,"href":"https:\/\/7distribucions.com\/en\/wp-json\/wp\/v2\/product_tag?post=3015"}],"curies":[{"name":"wp","href":"https:\/\/api.w.org\/{rel}","templated":true}]}}