{"id":3012,"date":"2023-04-26T02:00:44","date_gmt":"2023-04-26T02:00:44","guid":{"rendered":"https:\/\/7distribucions.com\/?post_type=product&#038;p=3012"},"modified":"2024-02-02T11:08:44","modified_gmt":"2024-02-02T11:08:44","slug":"dml812","status":"publish","type":"product","link":"https:\/\/7distribucions.com\/en\/producto\/dml812\/","title":{"rendered":"DML812"},"content":{"rendered":"<ul>\n<li>Modo spot de larga distancia hasta 640m.<\/li>\n<li>Aproximadamente 10 horas de iluminaci\u00f3n continua con una bater\u00eda con carga completa BL1860B en modo spot.<\/li>\n<li>LED blanca.<\/li>\n<li>Temperatura de color de aproximadamente 5000K<\/li>\n<li>Cabeza de linterna giratoria hasta 90 grados.<\/li>\n<li>El gancho de correa se puede instalar mediante clips en ambos extremos.<\/li>\n<li>El interruptor de bot\u00f3n ON\/OF, est\u00e1 equipado con una funci\u00f3n de memoria, que permite iniciar en el mismo modo de iluminaci\u00f3n que la \u00faltima vez que se apag\u00f3.<\/li>\n<li>El bot\u00f3n de selecci\u00f3n de modo iluminaci\u00f3n no est\u00e1 integrado con el interruptor del bot\u00f3n ON\/OFF, para comodidad del usuario.<\/li>\n<li>Sistema de protecci\u00f3n XPT ante el polvo y las salpicaduras de agua en condiciones metereol\u00f3givas adversas.<\/li>\n<li>Mango ergon\u00f3mico y suave, para mayor comodidad al trabajar.<\/li>\n<li>Sistema de protecci\u00f3n de la bater\u00eda, que corta autom\u00e1ticamente la potencia de salida para una larga vida \u00fatil.<\/li>\n<li>Complemento ideal para una caja de herramientas o taller.<\/li>\n<\/ul>\n<p><a href=\"https:\/\/7distribucions.com\/wp-content\/uploads\/2023\/04\/dml812_3.pdf\" target=\"_blank\" rel=\"noopener\"><strong>VER CAT\u00c1LOGO<\/strong><\/a><\/p>\n","protected":false},"excerpt":{"rendered":"<p>Modo spot de larga distancia hasta 640m. Aproximadamente 10 horas de iluminaci\u00f3n continua con una bater\u00eda con carga completa BL1860B en modo spot. LED blanca. Temperatura de color de aproximadamente&#8230;<\/p>\n","protected":false},"featured_media":3014,"template":"","meta":[],"product_brand":[],"product_cat":[89,97],"product_tag":[],"class_list":{"0":"post-3012","1":"product","2":"type-product","3":"status-publish","4":"has-post-thumbnail","6":"product_cat-eines","7":"product_cat-especial","9":"first","10":"instock","11":"taxable","12":"shipping-taxable","13":"purchasable","14":"product-type-simple"},"_links":{"self":[{"href":"https:\/\/7distribucions.com\/en\/wp-json\/wp\/v2\/product\/3012","targetHints":{"allow":["GET"]}}],"collection":[{"href":"https:\/\/7distribucions.com\/en\/wp-json\/wp\/v2\/product"}],"about":[{"href":"https:\/\/7distribucions.com\/en\/wp-json\/wp\/v2\/types\/product"}],"wp:featuredmedia":[{"embeddable":true,"href":"https:\/\/7distribucions.com\/en\/wp-json\/wp\/v2\/media\/3014"}],"wp:attachment":[{"href":"https:\/\/7distribucions.com\/en\/wp-json\/wp\/v2\/media?parent=3012"}],"wp:term":[{"taxonomy":"product_brand","embeddable":true,"href":"https:\/\/7distribucions.com\/en\/wp-json\/wp\/v2\/product_brand?post=3012"},{"taxonomy":"product_cat","embeddable":true,"href":"https:\/\/7distribucions.com\/en\/wp-json\/wp\/v2\/product_cat?post=3012"},{"taxonomy":"product_tag","embeddable":true,"href":"https:\/\/7distribucions.com\/en\/wp-json\/wp\/v2\/product_tag?post=3012"}],"curies":[{"name":"wp","href":"https:\/\/api.w.org\/{rel}","templated":true}]}}