{"id":2999,"date":"2023-04-26T01:42:30","date_gmt":"2023-04-26T01:42:30","guid":{"rendered":"https:\/\/7distribucions.com\/?post_type=product&#038;p=2999"},"modified":"2024-02-02T11:08:50","modified_gmt":"2024-02-02T11:08:50","slug":"cg100dsaea","status":"publish","type":"product","link":"https:\/\/7distribucions.com\/en\/producto\/cg100dsaea\/","title":{"rendered":"CG100DSAEA"},"content":{"rendered":"<ul>\n<li>Sellador de silicona de 12V m\u00e1s ligero que nuestro modelo de 18V.<\/li>\n<li>Muy c\u00f3modo de trabajar evitando el cansancio del operario en trabajos continuos.<\/li>\n<li>Con sistema antigoteo. El motor retrocede unos mil\u00edmetros al soltar el gatillo, evitando as\u00ed que el cartucho de silicona siga recibiendo presi\u00f3n.<\/li>\n<li>Velocidad variable en el gatillo y 5 velocidades controladas por dial. Facilita el inicio de la aplicaci\u00f3n de silicona y nos permite controlar aplicaciones continuas.<\/li>\n<li>Con luz led para iluminar mejor la zona de trabajo, la luz se ilumina al pulsar el interruptor.<\/li>\n<li>Empu\u00f1adura con elast\u00f3mero para un c\u00f3modo agarre de la herramienta.<\/li>\n<li>Compatible con nuestras bater\u00edas CXT de 12Vmax, BL1021B (2,0 Ah), BL1041B (4,0 Ah).<\/li>\n<\/ul>\n<p><a href=\"https:\/\/7distribucions.com\/wp-content\/uploads\/2023\/04\/cg100dsaea_3.pdf\" target=\"_blank\" rel=\"noopener\"><strong>VER CAT\u00c1LOGO<\/strong><\/a><\/p>\n","protected":false},"excerpt":{"rendered":"<p>Sellador de silicona de 12V m\u00e1s ligero que nuestro modelo de 18V. Muy c\u00f3modo de trabajar evitando el cansancio del operario en trabajos continuos. Con sistema antigoteo. El motor retrocede&#8230;<\/p>\n","protected":false},"featured_media":3003,"template":"","meta":[],"product_brand":[],"product_cat":[89,97],"product_tag":[],"class_list":{"0":"post-2999","1":"product","2":"type-product","3":"status-publish","4":"has-post-thumbnail","6":"product_cat-eines","7":"product_cat-especial","9":"first","10":"instock","11":"taxable","12":"shipping-taxable","13":"purchasable","14":"product-type-simple"},"_links":{"self":[{"href":"https:\/\/7distribucions.com\/en\/wp-json\/wp\/v2\/product\/2999","targetHints":{"allow":["GET"]}}],"collection":[{"href":"https:\/\/7distribucions.com\/en\/wp-json\/wp\/v2\/product"}],"about":[{"href":"https:\/\/7distribucions.com\/en\/wp-json\/wp\/v2\/types\/product"}],"wp:featuredmedia":[{"embeddable":true,"href":"https:\/\/7distribucions.com\/en\/wp-json\/wp\/v2\/media\/3003"}],"wp:attachment":[{"href":"https:\/\/7distribucions.com\/en\/wp-json\/wp\/v2\/media?parent=2999"}],"wp:term":[{"taxonomy":"product_brand","embeddable":true,"href":"https:\/\/7distribucions.com\/en\/wp-json\/wp\/v2\/product_brand?post=2999"},{"taxonomy":"product_cat","embeddable":true,"href":"https:\/\/7distribucions.com\/en\/wp-json\/wp\/v2\/product_cat?post=2999"},{"taxonomy":"product_tag","embeddable":true,"href":"https:\/\/7distribucions.com\/en\/wp-json\/wp\/v2\/product_tag?post=2999"}],"curies":[{"name":"wp","href":"https:\/\/api.w.org\/{rel}","templated":true}]}}