{"id":2980,"date":"2023-04-26T01:08:59","date_gmt":"2023-04-26T01:08:59","guid":{"rendered":"https:\/\/7distribucions.com\/?post_type=product&#038;p=2980"},"modified":"2024-02-02T11:08:59","modified_gmt":"2024-02-02T11:08:59","slug":"ld080pi","status":"publish","type":"product","link":"https:\/\/7distribucions.com\/en\/producto\/ld080pi\/","title":{"rendered":"LD080PI"},"content":{"rendered":"<ul>\n<li>Nuevo dise\u00f1o<\/li>\n<li>Medidor l\u00e1ser peque\u00f1o y compacto. Muy c\u00f3modo de llevar y muy sencillo de usar.<\/li>\n<li>Sencillo c\u00e1lculo de \u00e1reas, vol\u00famenes, sumas y restas de mediciones, y c\u00e1lculo de medidas indirectas.<\/li>\n<li>Posibilidad de trabajar con tr\u00edpode.<\/li>\n<li>Rayo l\u00e1ser visible de la clase 2 IEC60825-1 que garantiza la protecci\u00f3n de los ojos mediante reflejos naturales.<\/li>\n<li>Posibilidad de realizar mediciones permanentes, consiguiendo as\u00ed los valores m\u00e1ximos y m\u00ednimos.<\/li>\n<li>Protecci\u00f3n de este medidore l\u00e1ser IP54, que protege contra polvo y agua proyectada.<\/li>\n<li>Medidore ideal para mediciones interiores, pudiendo tambi\u00e9n realizar esas mediciones en exterior.<\/li>\n<li>Se suministran con una pr\u00e1ctica funda que protege al medidor, una cinta para la mu\u00f1eca y las pilas para su funcionamiento.<\/li>\n<li>Posibilidad de medir inclinaciones.<\/li>\n<\/ul>\n<p><a href=\"https:\/\/7distribucions.com\/wp-content\/uploads\/2023\/04\/ld080pi_3.pdf\" target=\"_blank\" rel=\"noopener\"><strong>VER CAT\u00c1LOGO<\/strong><\/a><\/p>\n","protected":false},"excerpt":{"rendered":"<p>Nuevo dise\u00f1o Medidor l\u00e1ser peque\u00f1o y compacto. Muy c\u00f3modo de llevar y muy sencillo de usar. Sencillo c\u00e1lculo de \u00e1reas, vol\u00famenes, sumas y restas de mediciones, y c\u00e1lculo de medidas&#8230;<\/p>\n","protected":false},"featured_media":2981,"template":"","meta":[],"product_brand":[],"product_cat":[89,96],"product_tag":[],"class_list":{"0":"post-2980","1":"product","2":"type-product","3":"status-publish","4":"has-post-thumbnail","6":"product_cat-eines","7":"product_cat-medicio-nivelacio","9":"first","10":"instock","11":"taxable","12":"shipping-taxable","13":"purchasable","14":"product-type-simple"},"_links":{"self":[{"href":"https:\/\/7distribucions.com\/en\/wp-json\/wp\/v2\/product\/2980","targetHints":{"allow":["GET"]}}],"collection":[{"href":"https:\/\/7distribucions.com\/en\/wp-json\/wp\/v2\/product"}],"about":[{"href":"https:\/\/7distribucions.com\/en\/wp-json\/wp\/v2\/types\/product"}],"wp:featuredmedia":[{"embeddable":true,"href":"https:\/\/7distribucions.com\/en\/wp-json\/wp\/v2\/media\/2981"}],"wp:attachment":[{"href":"https:\/\/7distribucions.com\/en\/wp-json\/wp\/v2\/media?parent=2980"}],"wp:term":[{"taxonomy":"product_brand","embeddable":true,"href":"https:\/\/7distribucions.com\/en\/wp-json\/wp\/v2\/product_brand?post=2980"},{"taxonomy":"product_cat","embeddable":true,"href":"https:\/\/7distribucions.com\/en\/wp-json\/wp\/v2\/product_cat?post=2980"},{"taxonomy":"product_tag","embeddable":true,"href":"https:\/\/7distribucions.com\/en\/wp-json\/wp\/v2\/product_tag?post=2980"}],"curies":[{"name":"wp","href":"https:\/\/api.w.org\/{rel}","templated":true}]}}