{"id":2973,"date":"2023-04-26T00:59:31","date_gmt":"2023-04-26T00:59:31","guid":{"rendered":"https:\/\/7distribucions.com\/?post_type=product&#038;p=2973"},"modified":"2025-09-09T13:00:25","modified_gmt":"2025-09-09T13:00:25","slug":"rt0702c","status":"publish","type":"product","link":"https:\/\/7distribucions.com\/en\/producto\/rt0702c\/","title":{"rendered":"RT0702C"},"content":{"rendered":"<ul>\n<li>Fresadora multifunci\u00f3n de 710W y 1,8Kg de peso y entrada de fresas de 6 y 8mm. Con capacidad de fesado de hasta 35mm. Permite su uso con diferentes bases: inclinable, plana y recta.<\/li>\n<li>Fresadora muy vers\u00e1til, con posiblidad de uso con diferentes bases.<\/li>\n<li>Nuevo dise\u00f1o de la base, que permite la regulaci\u00f3n de la altura a trav\u00e9s del sistema de cremallera con total precisi\u00f3n.<\/li>\n<li>Fabricaci\u00f3n de la base y el cuerpo en aluminio para una mayor ligereza de la herramienta y una mayor disipaci\u00f3n del calor.<\/li>\n<li>Velocidad regulable mediante dial, que nos permite adaptar la velocidad de trabajo de la herramienta a los materiales y fresas empleados.<\/li>\n<li>Sistema electr\u00f3nico de la velocidad, que mantiene las revoluciones constantes cuando la m\u00e1quina entra en carga de trabajo.<\/li>\n<li>Bloqueo del eje de f\u00e1cil acci\u00f3n, facilita el cambio de accesorios.<\/li>\n<li>Agarre cubierto de elast\u00f3mero antideslizante, para una sujeci\u00f3n precisa y firme de la fresadora.<\/li>\n<li>Di\u00e1metro del cuerpo de la herramienta de 65 mm, de muy f\u00e1cil sujeci\u00f3n.<\/li>\n<\/ul>\n<p><a href=\"https:\/\/7distribucions.com\/wp-content\/uploads\/2025\/09\/rt0702c_3.pdf\" target=\"_blank\" rel=\"noopener\"><strong>VER CAT\u00c1LOGO<\/strong><\/a><\/p>\n","protected":false},"excerpt":{"rendered":"<p>Fresadora multifunci\u00f3n de 710W y 1,8Kg de peso y entrada de fresas de 6 y 8mm. Con capacidad de fesado de hasta 35mm. Permite su uso con diferentes bases: inclinable,&#8230;<\/p>\n","protected":false},"featured_media":2974,"template":"","meta":[],"product_brand":[],"product_cat":[89,94],"product_tag":[],"class_list":{"0":"post-2973","1":"product","2":"type-product","3":"status-publish","4":"has-post-thumbnail","6":"product_cat-eines","7":"product_cat-fresar-raspallar","9":"first","10":"instock","11":"taxable","12":"shipping-taxable","13":"purchasable","14":"product-type-simple"},"_links":{"self":[{"href":"https:\/\/7distribucions.com\/en\/wp-json\/wp\/v2\/product\/2973","targetHints":{"allow":["GET"]}}],"collection":[{"href":"https:\/\/7distribucions.com\/en\/wp-json\/wp\/v2\/product"}],"about":[{"href":"https:\/\/7distribucions.com\/en\/wp-json\/wp\/v2\/types\/product"}],"wp:featuredmedia":[{"embeddable":true,"href":"https:\/\/7distribucions.com\/en\/wp-json\/wp\/v2\/media\/2974"}],"wp:attachment":[{"href":"https:\/\/7distribucions.com\/en\/wp-json\/wp\/v2\/media?parent=2973"}],"wp:term":[{"taxonomy":"product_brand","embeddable":true,"href":"https:\/\/7distribucions.com\/en\/wp-json\/wp\/v2\/product_brand?post=2973"},{"taxonomy":"product_cat","embeddable":true,"href":"https:\/\/7distribucions.com\/en\/wp-json\/wp\/v2\/product_cat?post=2973"},{"taxonomy":"product_tag","embeddable":true,"href":"https:\/\/7distribucions.com\/en\/wp-json\/wp\/v2\/product_tag?post=2973"}],"curies":[{"name":"wp","href":"https:\/\/api.w.org\/{rel}","templated":true}]}}