{"id":2952,"date":"2023-04-26T00:25:15","date_gmt":"2023-04-26T00:25:15","guid":{"rendered":"https:\/\/7distribucions.com\/?post_type=product&#038;p=2952"},"modified":"2024-02-02T11:09:17","modified_gmt":"2024-02-02T11:09:17","slug":"ga038gz","status":"publish","type":"product","link":"https:\/\/7distribucions.com\/en\/producto\/ga038gz\/","title":{"rendered":"GA038GZ"},"content":{"rendered":"<ul>\n<li>Soluci\u00f3n a bater\u00eda para trabajos industriales. Excelente en trabajos pesados continuos.<\/li>\n<li>Alta durabilidad; Los rodamientos de bolas de mayor tama\u00f1o soportan la alta potencia de la herramienta XGT protegiendo el motor; Nuevo interruptor con desgaste de contacto reducido.<\/li>\n<li>El nuevo protector de disco sin herramientas permite un ajuste del \u00e1ngulo r\u00e1pido y f\u00e1cil.<\/li>\n<li>Tecnolog\u00eda de detecci\u00f3n del efecto rebote (AFT). Apaga la herramienta para proteger el motor y evitar rebotes si la velocidad de rotaci\u00f3n se ralentiza repentinamente.<\/li>\n<li>Freno el\u00e9ctrico para m\u00e1xima productividad y mayor seguridad para el usuario.<\/li>\n<li>El motor BL elimina las escobillas de carb\u00f3n, lo que permite que el funcione de manera m\u00e1s eficiente para una vida \u00fatil m\u00e1s larga. Tambi\u00e9n est\u00e1 controlado electr\u00f3nicamente para optimizar el uso de energ\u00eda de la bater\u00eda para un mayor tiempo de trabajo por carga.<\/li>\n<li>El motor BL utiliza eficientemente la energ\u00eda para hacer coincidir el par y las r.p.m. con las demandas que pueden cambiar durante el trabajo.<\/li>\n<li>El arranque suave suprime los tirones en el inicio proporcionando una vida \u00fatil m\u00e1s larga del engranaje.<\/li>\n<li>La empu\u00f1adura se puede instalar en cualquier lado de la herramienta para comodidad del usuario. El protector de disco protege al usuario de la dispersi\u00f3n accidental del disco o alguna pieza. Bloqueo del eje para facilitar el cambio del disco.<\/li>\n<\/ul>\n<p><a href=\"https:\/\/7distribucions.com\/wp-content\/uploads\/2023\/04\/ga038gz_3.pdf\" target=\"_blank\" rel=\"noopener\"><strong>VER CAT\u00c1LOGO<\/strong><\/a><\/p>\n","protected":false},"excerpt":{"rendered":"<p>Soluci\u00f3n a bater\u00eda para trabajos industriales. Excelente en trabajos pesados continuos. Alta durabilidad; Los rodamientos de bolas de mayor tama\u00f1o soportan la alta potencia de la herramienta XGT protegiendo el&#8230;<\/p>\n","protected":false},"featured_media":2953,"template":"","meta":[],"product_brand":[],"product_cat":[89,93],"product_tag":[],"class_list":{"0":"post-2952","1":"product","2":"type-product","3":"status-publish","4":"has-post-thumbnail","6":"product_cat-eines","7":"product_cat-tallar","9":"first","10":"instock","11":"taxable","12":"shipping-taxable","13":"purchasable","14":"product-type-simple"},"_links":{"self":[{"href":"https:\/\/7distribucions.com\/en\/wp-json\/wp\/v2\/product\/2952","targetHints":{"allow":["GET"]}}],"collection":[{"href":"https:\/\/7distribucions.com\/en\/wp-json\/wp\/v2\/product"}],"about":[{"href":"https:\/\/7distribucions.com\/en\/wp-json\/wp\/v2\/types\/product"}],"wp:featuredmedia":[{"embeddable":true,"href":"https:\/\/7distribucions.com\/en\/wp-json\/wp\/v2\/media\/2953"}],"wp:attachment":[{"href":"https:\/\/7distribucions.com\/en\/wp-json\/wp\/v2\/media?parent=2952"}],"wp:term":[{"taxonomy":"product_brand","embeddable":true,"href":"https:\/\/7distribucions.com\/en\/wp-json\/wp\/v2\/product_brand?post=2952"},{"taxonomy":"product_cat","embeddable":true,"href":"https:\/\/7distribucions.com\/en\/wp-json\/wp\/v2\/product_cat?post=2952"},{"taxonomy":"product_tag","embeddable":true,"href":"https:\/\/7distribucions.com\/en\/wp-json\/wp\/v2\/product_tag?post=2952"}],"curies":[{"name":"wp","href":"https:\/\/api.w.org\/{rel}","templated":true}]}}