{"id":2940,"date":"2023-04-25T23:57:38","date_gmt":"2023-04-25T23:57:38","guid":{"rendered":"https:\/\/7distribucions.com\/?post_type=product&#038;p=2940"},"modified":"2024-02-02T11:09:24","modified_gmt":"2024-02-02T11:09:24","slug":"cs002gz","status":"publish","type":"product","link":"https:\/\/7distribucions.com\/en\/producto\/cs002gz\/","title":{"rendered":"CS002GZ"},"content":{"rendered":"<ul>\n<li>Cortador de metal con freno el\u00e9ctrico y luces LED.<\/li>\n<li>Dise\u00f1ado principalmente para el corte de una sola pasada de pernos met\u00e1licos de 65 mm y barras de acero.<\/li>\n<li>Capacidad m\u00e1xima de corte de 67mm.<\/li>\n<li>La bater\u00eda XGT 40Vm\u00e1x y el motor BL ofrecen un alto para mayor eficiencia de trabajo, similar o superior a los modelos con cable.<\/li>\n<li>Equipado con una palanca para abrir y cerrar la cubierta de seguridad para cumplir con la normativa internacional.<\/li>\n<li>Tecnolog\u00eda AFT que detecta autom\u00e1ticamente una desaceleraci\u00f3n dr\u00e1stica en la velocidad de rotaci\u00f3n de la cuchilla, luego apaga inmediatamente la herramienta para reducir la fuerza de retroceso.<\/li>\n<li>Caja de recolecci\u00f3n de polvo incorporada para un entorno de trabajo m\u00e1s limpio.<\/li>\n<li>Luces de trabajo LED para iluminar el \u00e1rea de trabajo.<\/li>\n<li>Arranque suave que evita tirones en la arrancada.<\/li>\n<li>Funci\u00f3n anti-restart dise\u00f1ada para minimizar el arranque cuando se inserta la bater\u00eda con el interruptor bloqueado.<\/li>\n<li>El motor BL elimina las escobillas de carb\u00f3n, lo que permite que el motor BL funcione m\u00e1s fr\u00edo y de manera m\u00e1s eficiente para una vida \u00fatil m\u00e1s larga.<\/li>\n<li>El circuito de protecci\u00f3n de la bater\u00eda protege contra la sobrecarga, la sobrecarga y el sobrecalentamiento.<\/li>\n<li>Agarre suave para mayor comodidad en el trabajo.<\/li>\n<\/ul>\n<p><a href=\"https:\/\/7distribucions.com\/wp-content\/uploads\/2023\/04\/cs002gz_3.pdf\" target=\"_blank\" rel=\"noopener\"><strong>VER CAT\u00c1LOGO<\/strong><\/a><\/p>\n","protected":false},"excerpt":{"rendered":"<p>Cortador de metal con freno el\u00e9ctrico y luces LED. Dise\u00f1ado principalmente para el corte de una sola pasada de pernos met\u00e1licos de 65 mm y barras de acero. Capacidad m\u00e1xima&#8230;<\/p>\n","protected":false},"featured_media":2941,"template":"","meta":[],"product_brand":[],"product_cat":[89,93],"product_tag":[],"class_list":{"0":"post-2940","1":"product","2":"type-product","3":"status-publish","4":"has-post-thumbnail","6":"product_cat-eines","7":"product_cat-tallar","9":"first","10":"instock","11":"taxable","12":"shipping-taxable","13":"purchasable","14":"product-type-simple"},"_links":{"self":[{"href":"https:\/\/7distribucions.com\/en\/wp-json\/wp\/v2\/product\/2940","targetHints":{"allow":["GET"]}}],"collection":[{"href":"https:\/\/7distribucions.com\/en\/wp-json\/wp\/v2\/product"}],"about":[{"href":"https:\/\/7distribucions.com\/en\/wp-json\/wp\/v2\/types\/product"}],"wp:featuredmedia":[{"embeddable":true,"href":"https:\/\/7distribucions.com\/en\/wp-json\/wp\/v2\/media\/2941"}],"wp:attachment":[{"href":"https:\/\/7distribucions.com\/en\/wp-json\/wp\/v2\/media?parent=2940"}],"wp:term":[{"taxonomy":"product_brand","embeddable":true,"href":"https:\/\/7distribucions.com\/en\/wp-json\/wp\/v2\/product_brand?post=2940"},{"taxonomy":"product_cat","embeddable":true,"href":"https:\/\/7distribucions.com\/en\/wp-json\/wp\/v2\/product_cat?post=2940"},{"taxonomy":"product_tag","embeddable":true,"href":"https:\/\/7distribucions.com\/en\/wp-json\/wp\/v2\/product_tag?post=2940"}],"curies":[{"name":"wp","href":"https:\/\/api.w.org\/{rel}","templated":true}]}}