{"id":2937,"date":"2023-04-25T23:53:51","date_gmt":"2023-04-25T23:53:51","guid":{"rendered":"https:\/\/7distribucions.com\/?post_type=product&#038;p=2937"},"modified":"2024-02-02T11:09:26","modified_gmt":"2024-02-02T11:09:26","slug":"ce001gz","status":"publish","type":"product","link":"https:\/\/7distribucions.com\/en\/producto\/ce001gz\/","title":{"rendered":"CE001GZ"},"content":{"rendered":"<ul>\n<li>Logra una profundidad de corte de 127 mm y una alta velocidad de corte que supera a la del EK7651H.<\/li>\n<li>Se pueden cortar 8-10 barras de refuerzo de 16 mm de di\u00e1metro.<\/li>\n<li>Equipado con carcasa antivibraci\u00f3n.<\/li>\n<li>Compatible con WetGuard IPX4, el alta resistencia al agua permite operar la m\u00e1quina incluso si est\u00e1 mojada con agua.<\/li>\n<li>La tecnolog\u00eda de protecci\u00f3n extrema (XPT) est\u00e1 dise\u00f1ada para mejorar la resistencia al polvo y al agua para operar en condiciones adversas en el lugar de trabajo.<\/li>\n<li>La tecnolog\u00eda de detecci\u00f3n de retroalimentaci\u00f3n activa (AFT) apaga el motor si la velocidad de rotaci\u00f3n disminuye repentinamente o el disco se ve obligada a detenerse.<\/li>\n<li>Freno el\u00e9ctrico para una mayor productividad.<\/li>\n<li>Luz de trabajo LED que se puede encender y apagar con un bot\u00f3n ubicado en el mango trasero, se apaga autom\u00e1ticamente cuando no se aprieta el gatillo del interruptor durante 60 segundos.<\/li>\n<li>El bot\u00f3n de bloqueo minimiza el arranque accidental.<\/li>\n<li>El kit de suministro de agua se puede conectar; La manguera est\u00e1 dise\u00f1ada para funcionar dentro de la carcasa de la herramienta para evitar que quede atrapada en objetos.<\/li>\n<li>El circuito de protecci\u00f3n de la bater\u00eda protege contra la sobrecarga, la sobredescarga y el sobrecalentamiento.<\/li>\n<\/ul>\n<p><a href=\"https:\/\/7distribucions.com\/wp-content\/uploads\/2023\/04\/hr5212c_3.pdf\" target=\"_blank\" rel=\"noopener\"><strong>VER CAT\u00c1LOGO<\/strong><\/a><\/p>\n","protected":false},"excerpt":{"rendered":"<p>Logra una profundidad de corte de 127 mm y una alta velocidad de corte que supera a la del EK7651H. Se pueden cortar 8-10 barras de refuerzo de 16 mm&#8230;<\/p>\n","protected":false},"featured_media":2939,"template":"","meta":[],"product_brand":[],"product_cat":[89,93],"product_tag":[],"class_list":{"0":"post-2937","1":"product","2":"type-product","3":"status-publish","4":"has-post-thumbnail","6":"product_cat-eines","7":"product_cat-tallar","9":"first","10":"instock","11":"taxable","12":"shipping-taxable","13":"purchasable","14":"product-type-simple"},"_links":{"self":[{"href":"https:\/\/7distribucions.com\/en\/wp-json\/wp\/v2\/product\/2937","targetHints":{"allow":["GET"]}}],"collection":[{"href":"https:\/\/7distribucions.com\/en\/wp-json\/wp\/v2\/product"}],"about":[{"href":"https:\/\/7distribucions.com\/en\/wp-json\/wp\/v2\/types\/product"}],"wp:featuredmedia":[{"embeddable":true,"href":"https:\/\/7distribucions.com\/en\/wp-json\/wp\/v2\/media\/2939"}],"wp:attachment":[{"href":"https:\/\/7distribucions.com\/en\/wp-json\/wp\/v2\/media?parent=2937"}],"wp:term":[{"taxonomy":"product_brand","embeddable":true,"href":"https:\/\/7distribucions.com\/en\/wp-json\/wp\/v2\/product_brand?post=2937"},{"taxonomy":"product_cat","embeddable":true,"href":"https:\/\/7distribucions.com\/en\/wp-json\/wp\/v2\/product_cat?post=2937"},{"taxonomy":"product_tag","embeddable":true,"href":"https:\/\/7distribucions.com\/en\/wp-json\/wp\/v2\/product_tag?post=2937"}],"curies":[{"name":"wp","href":"https:\/\/api.w.org\/{rel}","templated":true}]}}