{"id":2931,"date":"2023-04-25T23:45:37","date_gmt":"2023-04-25T23:45:37","guid":{"rendered":"https:\/\/7distribucions.com\/?post_type=product&#038;p=2931"},"modified":"2024-02-02T11:09:29","modified_gmt":"2024-02-02T11:09:29","slug":"9557nbr","status":"publish","type":"product","link":"https:\/\/7distribucions.com\/en\/producto\/9557nbr\/","title":{"rendered":"9557NBR"},"content":{"rendered":"<ul>\n<li>Con sistema SAR.<\/li>\n<li>Cuerpo delgado, m\u00e1s c\u00f3modo e ideal para manejar con una sola mano<\/li>\n<li>Cabezal herm\u00e9tico para evitar p\u00e9rdidas de aceite<\/li>\n<li>Posibilidad de variar la posici\u00f3n del cabezal cada 90\u00ba<\/li>\n<\/ul>\n<p><a href=\"https:\/\/7distribucions.com\/wp-content\/uploads\/2023\/04\/9557hnr_3.pdf\" target=\"_blank\" rel=\"noopener\"><strong>VER CAT\u00c1LOGO<\/strong><\/a><\/p>\n","protected":false},"excerpt":{"rendered":"<p>Con sistema SAR. Cuerpo delgado, m\u00e1s c\u00f3modo e ideal para manejar con una sola mano Cabezal herm\u00e9tico para evitar p\u00e9rdidas de aceite Posibilidad de variar la posici\u00f3n del cabezal cada&#8230;<\/p>\n","protected":false},"featured_media":2932,"template":"","meta":[],"product_brand":[],"product_cat":[89,93],"product_tag":[],"class_list":{"0":"post-2931","1":"product","2":"type-product","3":"status-publish","4":"has-post-thumbnail","6":"product_cat-eines","7":"product_cat-tallar","9":"first","10":"instock","11":"taxable","12":"shipping-taxable","13":"purchasable","14":"product-type-simple"},"_links":{"self":[{"href":"https:\/\/7distribucions.com\/en\/wp-json\/wp\/v2\/product\/2931","targetHints":{"allow":["GET"]}}],"collection":[{"href":"https:\/\/7distribucions.com\/en\/wp-json\/wp\/v2\/product"}],"about":[{"href":"https:\/\/7distribucions.com\/en\/wp-json\/wp\/v2\/types\/product"}],"wp:featuredmedia":[{"embeddable":true,"href":"https:\/\/7distribucions.com\/en\/wp-json\/wp\/v2\/media\/2932"}],"wp:attachment":[{"href":"https:\/\/7distribucions.com\/en\/wp-json\/wp\/v2\/media?parent=2931"}],"wp:term":[{"taxonomy":"product_brand","embeddable":true,"href":"https:\/\/7distribucions.com\/en\/wp-json\/wp\/v2\/product_brand?post=2931"},{"taxonomy":"product_cat","embeddable":true,"href":"https:\/\/7distribucions.com\/en\/wp-json\/wp\/v2\/product_cat?post=2931"},{"taxonomy":"product_tag","embeddable":true,"href":"https:\/\/7distribucions.com\/en\/wp-json\/wp\/v2\/product_tag?post=2931"}],"curies":[{"name":"wp","href":"https:\/\/api.w.org\/{rel}","templated":true}]}}