{"id":2928,"date":"2023-04-25T23:39:58","date_gmt":"2023-04-25T23:39:58","guid":{"rendered":"https:\/\/7distribucions.com\/?post_type=product&#038;p=2928"},"modified":"2024-02-02T11:09:31","modified_gmt":"2024-02-02T11:09:31","slug":"pv001gz","status":"publish","type":"product","link":"https:\/\/7distribucions.com\/en\/producto\/pv001gz\/","title":{"rendered":"PV001GZ"},"content":{"rendered":"<ul>\n<li>Pulidora a bater\u00eda de 40Vm\u00e1x XGT BL sin escobillas de 180mm.<\/li>\n<li>Dise\u00f1ado principalmente para aplicaciones de pulido de pintura en autom\u00f3viles.<\/li>\n<li>El motor BL elimina las escobillas de carb\u00f3n, lo que permite que el motor BL funcione m\u00e1s fr\u00edo y de manera m\u00e1s eficiente para una vida \u00fatil m\u00e1s larga<\/li>\n<li>El control de velocidad constante minimiza la reducci\u00f3n de la velocidad de rotaci\u00f3n bajo carga.<\/li>\n<li>Agarre suave que proporciona una mayor comodidad en el trabajo.<\/li>\n<li>Sistema anti-restart para minimizar el arranque del motor cuando se inserta la bater\u00eda con el interruptor bloqueado.<\/li>\n<li>Tecnolog\u00eda XPT dise\u00f1ada para mejorar la resistencia al polvo y al agua en condiciones de trabajo adversas.<\/li>\n<li>Interruptor de gatillo grande con 2 dedos con bot\u00f3n de bloqueo.<\/li>\n<li>Control de velocidad constante y arranque suave para un rendimiento fluido.<\/li>\n<li>La forma de la cabeza es f\u00e1cil de agarrar, permite al usuario presionar f\u00e1cilmente la almohadilla contra la carrocer\u00eda del autom\u00f3vil en aplicaciones como la eliminaci\u00f3n de ara\u00f1azos.<\/li>\n<li>El circuito de protecci\u00f3n de la bater\u00eda protege contra la sobrecarga, la sobrecarga y el sobrecalentamiento.<\/li>\n<\/ul>\n<p><a href=\"https:\/\/7distribucions.com\/wp-content\/uploads\/2023\/04\/pv001gz_3.pdf\" target=\"_blank\" rel=\"noopener\"><strong>VER CAT\u00c1LOGO<\/strong><\/a><\/p>\n","protected":false},"excerpt":{"rendered":"<p>Pulidora a bater\u00eda de 40Vm\u00e1x XGT BL sin escobillas de 180mm. Dise\u00f1ado principalmente para aplicaciones de pulido de pintura en autom\u00f3viles. El motor BL elimina las escobillas de carb\u00f3n, lo&#8230;<\/p>\n","protected":false},"featured_media":2929,"template":"","meta":[],"product_brand":[],"product_cat":[89,92],"product_tag":[],"class_list":{"0":"post-2928","1":"product","2":"type-product","3":"status-publish","4":"has-post-thumbnail","6":"product_cat-eines","7":"product_cat-rectificar-escatar-polir","9":"first","10":"instock","11":"taxable","12":"shipping-taxable","13":"purchasable","14":"product-type-simple"},"_links":{"self":[{"href":"https:\/\/7distribucions.com\/en\/wp-json\/wp\/v2\/product\/2928","targetHints":{"allow":["GET"]}}],"collection":[{"href":"https:\/\/7distribucions.com\/en\/wp-json\/wp\/v2\/product"}],"about":[{"href":"https:\/\/7distribucions.com\/en\/wp-json\/wp\/v2\/types\/product"}],"wp:featuredmedia":[{"embeddable":true,"href":"https:\/\/7distribucions.com\/en\/wp-json\/wp\/v2\/media\/2929"}],"wp:attachment":[{"href":"https:\/\/7distribucions.com\/en\/wp-json\/wp\/v2\/media?parent=2928"}],"wp:term":[{"taxonomy":"product_brand","embeddable":true,"href":"https:\/\/7distribucions.com\/en\/wp-json\/wp\/v2\/product_brand?post=2928"},{"taxonomy":"product_cat","embeddable":true,"href":"https:\/\/7distribucions.com\/en\/wp-json\/wp\/v2\/product_cat?post=2928"},{"taxonomy":"product_tag","embeddable":true,"href":"https:\/\/7distribucions.com\/en\/wp-json\/wp\/v2\/product_tag?post=2928"}],"curies":[{"name":"wp","href":"https:\/\/api.w.org\/{rel}","templated":true}]}}