{"id":2921,"date":"2023-04-25T23:30:05","date_gmt":"2023-04-25T23:30:05","guid":{"rendered":"https:\/\/7distribucions.com\/?post_type=product&#038;p=2921"},"modified":"2026-04-11T02:04:20","modified_gmt":"2026-04-11T02:04:20","slug":"9237cb","status":"publish","type":"product","link":"https:\/\/7distribucions.com\/en\/producto\/9237cb\/","title":{"rendered":"9237CB"},"content":{"rendered":"<ul>\n<li>La evoluci\u00f3n de nuestra pulidora m\u00e1s conocida, 9227CB.<\/li>\n<li>Pulidora de 180mm con velocidad variable mediante dial y gatillo. Adapta la velocidad al trabajo a desempe\u00f1ar llegando a alcanzar las 3.200 revoluciones por minuto.<\/li>\n<li>Entradas de ventilaci\u00f3n m\u00e1s protegidas mediante filtros atornillados a la carcasa. Protege de la entrada de fibras de lana que pueden da\u00f1ar el motor.<\/li>\n<li>Entradas de ventilaci\u00f3n m\u00e1s protegidas mediante filtros atornillados a la carcasa. Protege de la entrada de fibras de lana que pueden da\u00f1ar el motor.<\/li>\n<li>Cabezal de la m\u00e1quina recubierto con elast\u00f3mero que evita rayar la superficie a tratar.<\/li>\n<li>Empu\u00f1adura delantera antideslizante que mejora el control de la herramienta y hace m\u00e1s c\u00f3modo el trabajo al usuario.<\/li>\n<li>Arranque suave que evita tirones en la arrancada de la m\u00e1quina.<\/li>\n<li>Electr\u00f3nica constante, la m\u00e1quina no baja de revoluciones cuando trabajamos en carga.<\/li>\n<li>Bot\u00f3n de bloqueo en el gatillo perfecto para trabajos continuos.<\/li>\n<\/ul>\n<p><a href=\"https:\/\/7distribucions.com\/wp-content\/uploads\/2023\/04\/9237cb_3.pdf\" target=\"_blank\" rel=\"noopener\"><strong>VER CAT\u00c1LOGO<\/strong><\/a><\/p>\n","protected":false},"excerpt":{"rendered":"<p>La evoluci\u00f3n de nuestra pulidora m\u00e1s conocida, 9227CB. Pulidora de 180mm con velocidad variable mediante dial y gatillo. Adapta la velocidad al trabajo a desempe\u00f1ar llegando a alcanzar las 3.200&#8230;<\/p>\n","protected":false},"featured_media":2922,"template":"","meta":[],"product_brand":[],"product_cat":[89,92],"product_tag":[],"class_list":{"0":"post-2921","1":"product","2":"type-product","3":"status-publish","4":"has-post-thumbnail","6":"product_cat-eines","7":"product_cat-rectificar-escatar-polir","9":"first","10":"instock","11":"taxable","12":"shipping-taxable","13":"purchasable","14":"product-type-simple"},"_links":{"self":[{"href":"https:\/\/7distribucions.com\/en\/wp-json\/wp\/v2\/product\/2921","targetHints":{"allow":["GET"]}}],"collection":[{"href":"https:\/\/7distribucions.com\/en\/wp-json\/wp\/v2\/product"}],"about":[{"href":"https:\/\/7distribucions.com\/en\/wp-json\/wp\/v2\/types\/product"}],"wp:featuredmedia":[{"embeddable":true,"href":"https:\/\/7distribucions.com\/en\/wp-json\/wp\/v2\/media\/2922"}],"wp:attachment":[{"href":"https:\/\/7distribucions.com\/en\/wp-json\/wp\/v2\/media?parent=2921"}],"wp:term":[{"taxonomy":"product_brand","embeddable":true,"href":"https:\/\/7distribucions.com\/en\/wp-json\/wp\/v2\/product_brand?post=2921"},{"taxonomy":"product_cat","embeddable":true,"href":"https:\/\/7distribucions.com\/en\/wp-json\/wp\/v2\/product_cat?post=2921"},{"taxonomy":"product_tag","embeddable":true,"href":"https:\/\/7distribucions.com\/en\/wp-json\/wp\/v2\/product_tag?post=2921"}],"curies":[{"name":"wp","href":"https:\/\/api.w.org\/{rel}","templated":true}]}}