{"id":2906,"date":"2023-04-25T02:01:58","date_gmt":"2023-04-25T02:01:58","guid":{"rendered":"https:\/\/7distribucions.com\/?post_type=product&#038;p=2906"},"modified":"2024-02-02T11:09:40","modified_gmt":"2024-02-02T11:09:40","slug":"dhr280pt2j","status":"publish","type":"product","link":"https:\/\/7distribucions.com\/en\/producto\/dhr280pt2j\/","title":{"rendered":"DHR280PT2J"},"content":{"rendered":"<ul>\n<li>Tecnolog\u00eda AVT: reduce el nivel de vibraci\u00f3n, aumentando la seguridad y la comodidad del trabajo<\/li>\n<li>Tecnolog\u00eda XPT: proporciona a la herramienta una mayor resistencia al polvo y la humedad<\/li>\n<li>El sistema Soft No Load permite un inicio suave de la perforaci\u00f3n, y cuando la herramienta se presiona contra el material, el martillo funciona a plena potencia<\/li>\n<li>El motor sin escobillas se caracteriza por una alta eficiencia y una mayor resistencia para trabajar bajo cargas pesadas<\/li>\n<li>La velocidad se puede ajustar electr\u00f3nicamente mediante un bot\u00f3n o suavemente a trav\u00e9s de una mayor o menor presi\u00f3n en el gatillo del interruptor<\/li>\n<li>Los LED con la funci\u00f3n de supresi\u00f3n retardada iluminan el lugar de trabajo<\/li>\n<li>Existe la posibilidad de montar el kit de extracci\u00f3n de polvo DX09 (se compra por separado)<\/li>\n<li>El modelo DHR280PT2J no funciona con bater\u00edas sin electr\u00f3nica BL1811G, BL1813G, BL1815G y con bater\u00eda BL1815 (18V 1,3Ah)<\/li>\n<\/ul>\n<p><a href=\"https:\/\/7distribucions.com\/wp-content\/uploads\/2023\/04\/dhr280.pdf\" target=\"_blank\" rel=\"noopener\"><strong>VER CAT\u00c1LOGO<\/strong><\/a><\/p>\n","protected":false},"excerpt":{"rendered":"<p>Tecnolog\u00eda AVT: reduce el nivel de vibraci\u00f3n, aumentando la seguridad y la comodidad del trabajo Tecnolog\u00eda XPT: proporciona a la herramienta una mayor resistencia al polvo y la humedad El&#8230;<\/p>\n","protected":false},"featured_media":2907,"template":"","meta":[],"product_brand":[],"product_cat":[89,91],"product_tag":[],"class_list":{"0":"post-2906","1":"product","2":"type-product","3":"status-publish","4":"has-post-thumbnail","6":"product_cat-eines","7":"product_cat-trepar-amb-percussio-percutir","9":"first","10":"instock","11":"taxable","12":"shipping-taxable","13":"purchasable","14":"product-type-simple"},"_links":{"self":[{"href":"https:\/\/7distribucions.com\/en\/wp-json\/wp\/v2\/product\/2906","targetHints":{"allow":["GET"]}}],"collection":[{"href":"https:\/\/7distribucions.com\/en\/wp-json\/wp\/v2\/product"}],"about":[{"href":"https:\/\/7distribucions.com\/en\/wp-json\/wp\/v2\/types\/product"}],"wp:featuredmedia":[{"embeddable":true,"href":"https:\/\/7distribucions.com\/en\/wp-json\/wp\/v2\/media\/2907"}],"wp:attachment":[{"href":"https:\/\/7distribucions.com\/en\/wp-json\/wp\/v2\/media?parent=2906"}],"wp:term":[{"taxonomy":"product_brand","embeddable":true,"href":"https:\/\/7distribucions.com\/en\/wp-json\/wp\/v2\/product_brand?post=2906"},{"taxonomy":"product_cat","embeddable":true,"href":"https:\/\/7distribucions.com\/en\/wp-json\/wp\/v2\/product_cat?post=2906"},{"taxonomy":"product_tag","embeddable":true,"href":"https:\/\/7distribucions.com\/en\/wp-json\/wp\/v2\/product_tag?post=2906"}],"curies":[{"name":"wp","href":"https:\/\/api.w.org\/{rel}","templated":true}]}}