{"id":2900,"date":"2023-04-25T00:26:06","date_gmt":"2023-04-25T00:26:06","guid":{"rendered":"https:\/\/7distribucions.com\/?post_type=product&#038;p=2900"},"modified":"2024-02-02T11:05:55","modified_gmt":"2024-02-02T11:05:55","slug":"dhp484z","status":"publish","type":"product","link":"https:\/\/7distribucions.com\/en\/producto\/dhp484z\/","title":{"rendered":"DHP484Z"},"content":{"rendered":"<ul>\n<li>Gama de taladros de 18V con el tama\u00f1o de un 10,8V.<\/li>\n<li>La gama m\u00e1s compacta y ligera con motores BL de 18V.<\/li>\n<li>Agarre ergon\u00f3mico, la empu\u00f1adura se adapta perfectamente a la mano para mayor comodidad y control.<\/li>\n<li>El motor BL38C produce una energ\u00eda m\u00e1s eficaz debido a la falta de fricci\u00f3n y calentamiento, permitiendo reducir el consumo y as\u00ed aumentar la capacidad de trabajo de las bater\u00edas.<\/li>\n<li>20 posiciones de par de apriete + taladro. Dos velocidades mec\u00e1nicas para adecuar las Rpm al trabajo a realizar.<\/li>\n<li>Alta eficacia en el trabajo gracias a las altas Rpm, 500Rpm en la velocidad baja y 1.700Rpm en la alta.<\/li>\n<li>Velocidad variable en el gatillo.<\/li>\n<li>Punto de luz LED para alumbrar la zona de trabajo.<\/li>\n<li>Protecci\u00f3n XPT, para el uso de la herramienta en aplicaciones exteriores con condiciones adversas (polvo y lluvia).<\/li>\n<\/ul>\n<p><a href=\"https:\/\/7distribucions.com\/wp-content\/uploads\/2023\/04\/dhp484z_3.pdf\" target=\"_blank\" rel=\"noopener\"><strong>VER CAT\u00c1LOGO<\/strong><\/a><\/p>\n","protected":false},"excerpt":{"rendered":"<p>Gama de taladros de 18V con el tama\u00f1o de un 10,8V. La gama m\u00e1s compacta y ligera con motores BL de 18V. Agarre ergon\u00f3mico, la empu\u00f1adura se adapta perfectamente a&#8230;<\/p>\n","protected":false},"featured_media":2901,"template":"","meta":[],"product_brand":[],"product_cat":[89,90],"product_tag":[],"class_list":{"0":"post-2900","1":"product","2":"type-product","3":"status-publish","4":"has-post-thumbnail","6":"product_cat-eines","7":"product_cat-trepar-caragolar","9":"first","10":"instock","11":"taxable","12":"shipping-taxable","13":"purchasable","14":"product-type-simple"},"_links":{"self":[{"href":"https:\/\/7distribucions.com\/en\/wp-json\/wp\/v2\/product\/2900","targetHints":{"allow":["GET"]}}],"collection":[{"href":"https:\/\/7distribucions.com\/en\/wp-json\/wp\/v2\/product"}],"about":[{"href":"https:\/\/7distribucions.com\/en\/wp-json\/wp\/v2\/types\/product"}],"wp:featuredmedia":[{"embeddable":true,"href":"https:\/\/7distribucions.com\/en\/wp-json\/wp\/v2\/media\/2901"}],"wp:attachment":[{"href":"https:\/\/7distribucions.com\/en\/wp-json\/wp\/v2\/media?parent=2900"}],"wp:term":[{"taxonomy":"product_brand","embeddable":true,"href":"https:\/\/7distribucions.com\/en\/wp-json\/wp\/v2\/product_brand?post=2900"},{"taxonomy":"product_cat","embeddable":true,"href":"https:\/\/7distribucions.com\/en\/wp-json\/wp\/v2\/product_cat?post=2900"},{"taxonomy":"product_tag","embeddable":true,"href":"https:\/\/7distribucions.com\/en\/wp-json\/wp\/v2\/product_tag?post=2900"}],"curies":[{"name":"wp","href":"https:\/\/api.w.org\/{rel}","templated":true}]}}