{"id":2880,"date":"2023-04-06T02:18:48","date_gmt":"2023-04-06T02:18:48","guid":{"rendered":"https:\/\/7distribucions.com\/?post_type=product&#038;p=2880"},"modified":"2024-09-18T21:46:53","modified_gmt":"2024-09-18T21:46:53","slug":"drc200z","status":"publish","type":"product","link":"https:\/\/7distribucions.com\/en\/producto\/drc200z\/","title":{"rendered":"DRC200Z"},"content":{"rendered":"<p><strong>Robot aspirador 18V LXTDRC200Z <\/strong><\/p>\n<p>Robot limpiador de 18V, trabaja con 2 bater\u00edas de 18V por separado, perfecto para uso industrial \/ comercial. 2 modos de limpieza autom\u00e1tica, modo aleatorio y modo patr\u00f3n, seleccionables dependiendo el lugar a limpiar. Limpieza autom\u00e1tica gracias a su gran n\u00famero de sensores. Temporizador para seleccionar cuando queremos que realice la limpieza, ideal en almacenes, oficinas&#8230; Caj\u00f3n de aspiraci\u00f3n de 2,5L de capacidad. Motor sin escobillas, la energ\u00eda producida es m\u00e1s eficiente lo que permite una mayor duraci\u00f3n de las bater\u00edas. Largo tiempo de trabajo, 120 minutos de trabajo continuo con dos bater\u00edas de 3,0Ah BL1830 (puede limpiar un \u00e1rea de 300m\u00b2). 2 cepillos frontales, permiten la limpieza ajust\u00e1ndose a la pared, esquinas u objetos que encuentre en el camino. Con 2 bater\u00edas de 5,0Ah BL1850 puede llegar a limpiar hasta una superficie de 500m\u00b2. Indicadores de carga para saber en todo momento su estado. Mando a distancia que permite el control del aspirador hasta un m\u00e1ximo de 20m de distancia. Detecta los obst\u00e1culos gracias a los sensores de ultrasonido.<\/p>\n<p><a href=\"https:\/\/7distribucions.com\/wp-content\/uploads\/2023\/04\/drc200z_3.pdf\" target=\"_blank\" rel=\"noopener\"><strong>VER CAT\u00c1LOGO<\/strong><\/a><\/p>\n","protected":false},"excerpt":{"rendered":"<p>Robot aspirador 18V LXTDRC200Z Robot limpiador de 18V, trabaja con 2 bater\u00edas de 18V por separado, perfecto para uso industrial \/ comercial. 2 modos de limpieza autom\u00e1tica, modo aleatorio y&#8230;<\/p>\n","protected":false},"featured_media":2881,"template":"","meta":[],"product_brand":[],"product_cat":[82,88],"product_tag":[],"class_list":{"0":"post-2880","1":"product","2":"type-product","3":"status-publish","4":"has-post-thumbnail","6":"product_cat-aspiradors-professionals","7":"product_cat-escombradora-robot-escombradora","9":"first","10":"outofstock","11":"taxable","12":"shipping-taxable","13":"product-type-simple"},"_links":{"self":[{"href":"https:\/\/7distribucions.com\/en\/wp-json\/wp\/v2\/product\/2880","targetHints":{"allow":["GET"]}}],"collection":[{"href":"https:\/\/7distribucions.com\/en\/wp-json\/wp\/v2\/product"}],"about":[{"href":"https:\/\/7distribucions.com\/en\/wp-json\/wp\/v2\/types\/product"}],"wp:featuredmedia":[{"embeddable":true,"href":"https:\/\/7distribucions.com\/en\/wp-json\/wp\/v2\/media\/2881"}],"wp:attachment":[{"href":"https:\/\/7distribucions.com\/en\/wp-json\/wp\/v2\/media?parent=2880"}],"wp:term":[{"taxonomy":"product_brand","embeddable":true,"href":"https:\/\/7distribucions.com\/en\/wp-json\/wp\/v2\/product_brand?post=2880"},{"taxonomy":"product_cat","embeddable":true,"href":"https:\/\/7distribucions.com\/en\/wp-json\/wp\/v2\/product_cat?post=2880"},{"taxonomy":"product_tag","embeddable":true,"href":"https:\/\/7distribucions.com\/en\/wp-json\/wp\/v2\/product_tag?post=2880"}],"curies":[{"name":"wp","href":"https:\/\/api.w.org\/{rel}","templated":true}]}}