{"id":2871,"date":"2023-04-06T01:17:39","date_gmt":"2023-04-06T01:17:39","guid":{"rendered":"https:\/\/7distribucions.com\/?post_type=product&#038;p=2871"},"modified":"2023-04-06T01:17:39","modified_gmt":"2023-04-06T01:17:39","slug":"gl002gz03","status":"publish","type":"product","link":"https:\/\/7distribucions.com\/en\/producto\/gl002gz03\/","title":{"rendered":"GL002GZ03"},"content":{"rendered":"<p><strong>BENEFICIOS DEL USUARIO:<\/strong><\/p>\n<ul>\n<li>Mayor potencia de succi\u00f3n (125W) gracias a la bater\u00eda de XGT de 40Vm\u00e1x.<\/li>\n<li>Se ha conseguido una limpieza m\u00e1s silenciosa debido a la modificaci\u00f3n de la estructura del flujo de aire.<\/li>\n<li>4 modos de velocidad con funci\u00f3n de memoria.<\/li>\n<li>Boquilla redise\u00f1ada para una aspiraci\u00f3n m\u00e1s c\u00f3moda.<\/li>\n<li>El motor BL se controla electr\u00f3nicamente para optimizar el uso de energ\u00eda de la bater\u00eda para un mayor tiempo de funcionamiento por carga.<\/li>\n<li>Baja vibraci\u00f3n; utilizando un elast\u00f3mero m\u00e1s blando para la parte que fija la tapa del ventilador, se reduce la vibraci\u00f3n de la carcasa, aumentando la comodidad incluso en la limpieza continuada.<\/li>\n<li>Mayor durabilidad del motor gracias al motor BL y un rendimiento mejorado a prueba de polvo.<\/li>\n<li>La luz LED incorporada ilumina el \u00e1rea de trabajo.<\/li>\n<li>La limpieza de lugares estrechos se puede hacer sin boquilla utilizando el extremo biselado del tubo.<\/li>\n<li>Hasta 128 min. de uso continuo con una sola bater\u00eda completamente cargada (BL4050F en modo 1).<\/li>\n<li>Dise\u00f1o compacto y ergon\u00f3mico. Ligero para reducir la fatiga del usuario.<\/li>\n<li>Capacidad del dep\u00f3sito con tela: 500mL; capacidad del dep\u00f3sito papel: 330mL<\/li>\n<\/ul>\n<p><a href=\"https:\/\/7distribucions.com\/wp-content\/uploads\/2023\/04\/cl002gz03_3.pdf\" target=\"_blank\" rel=\"noopener\"><strong>VER CAT\u00c1LOGO<\/strong><\/a><\/p>\n","protected":false},"excerpt":{"rendered":"<p>BENEFICIOS DEL USUARIO: Mayor potencia de succi\u00f3n (125W) gracias a la bater\u00eda de XGT de 40Vm\u00e1x. Se ha conseguido una limpieza m\u00e1s silenciosa debido a la modificaci\u00f3n de la estructura&#8230;<\/p>\n","protected":false},"featured_media":2872,"template":"","meta":[],"product_brand":[],"product_cat":[82,87],"product_tag":[],"class_list":{"0":"post-2871","1":"product","2":"type-product","3":"status-publish","4":"has-post-thumbnail","6":"product_cat-aspiradors-professionals","7":"product_cat-bateries-aspiradors-professionals","9":"first","10":"instock","11":"taxable","12":"shipping-taxable","13":"purchasable","14":"product-type-simple"},"_links":{"self":[{"href":"https:\/\/7distribucions.com\/en\/wp-json\/wp\/v2\/product\/2871","targetHints":{"allow":["GET"]}}],"collection":[{"href":"https:\/\/7distribucions.com\/en\/wp-json\/wp\/v2\/product"}],"about":[{"href":"https:\/\/7distribucions.com\/en\/wp-json\/wp\/v2\/types\/product"}],"wp:featuredmedia":[{"embeddable":true,"href":"https:\/\/7distribucions.com\/en\/wp-json\/wp\/v2\/media\/2872"}],"wp:attachment":[{"href":"https:\/\/7distribucions.com\/en\/wp-json\/wp\/v2\/media?parent=2871"}],"wp:term":[{"taxonomy":"product_brand","embeddable":true,"href":"https:\/\/7distribucions.com\/en\/wp-json\/wp\/v2\/product_brand?post=2871"},{"taxonomy":"product_cat","embeddable":true,"href":"https:\/\/7distribucions.com\/en\/wp-json\/wp\/v2\/product_cat?post=2871"},{"taxonomy":"product_tag","embeddable":true,"href":"https:\/\/7distribucions.com\/en\/wp-json\/wp\/v2\/product_tag?post=2871"}],"curies":[{"name":"wp","href":"https:\/\/api.w.org\/{rel}","templated":true}]}}