{"id":2864,"date":"2023-04-06T01:11:54","date_gmt":"2023-04-06T01:11:54","guid":{"rendered":"https:\/\/7distribucions.com\/?post_type=product&#038;p=2864"},"modified":"2023-04-06T01:11:54","modified_gmt":"2023-04-06T01:11:54","slug":"dvc260zx","status":"publish","type":"product","link":"https:\/\/7distribucions.com\/en\/producto\/dvc260zx\/","title":{"rendered":"DVC260ZX"},"content":{"rendered":"<p><strong>BENEFICIOS DEL USUARIO: <\/strong><\/p>\n<ul>\n<li>Aspirador de mochila con una gran capacidad de succi\u00f3n para una mejor recolecci\u00f3n de polvo.<\/li>\n<li>La funci\u00f3n de memoria permite comenzar con la misma potencia que estaba cuando se apag\u00f3.<\/li>\n<li>Dos bater\u00edas de 18V LXT Litio-ion proporcionan la potencia y el tiempo de funcionamiento para los trabajos con cable (sin abandonar la plataforma de 18V LXT).<\/li>\n<li>Equipado con filtro HEPA, muy efectivo en la recogida de polvo muy fino.<\/li>\n<li>Capacidad de bolsa: hasta 2 Litros. Muy sencilla de cambiar.<\/li>\n<li>Muy c\u00f3modo de utilizar gracias a su formato de mochila, reduciendo la fatiga del usuario.<\/li>\n<li>El circuito de protecci\u00f3n de la bater\u00eda protege contra sobrecargas y sobrecalentamientos.<\/li>\n<li>Controlador de mano para las operaciones de encendido\/apagado, selecci\u00f3n de potencia alta\/baja y luz. El controlador est\u00e1 equipado con un clip para el cintur\u00f3n que se sujeta al arn\u00e9s.<\/li>\n<\/ul>\n<p><a href=\"https:\/\/7distribucions.com\/wp-content\/uploads\/2023\/04\/dvc261z_3.pdf\" target=\"_blank\" rel=\"noopener\"><strong>VER CAT\u00c1LOGO<\/strong><\/a><\/p>\n","protected":false},"excerpt":{"rendered":"<p>BENEFICIOS DEL USUARIO: Aspirador de mochila con una gran capacidad de succi\u00f3n para una mejor recolecci\u00f3n de polvo. La funci\u00f3n de memoria permite comenzar con la misma potencia que estaba&#8230;<\/p>\n","protected":false},"featured_media":2866,"template":"","meta":[],"product_brand":[],"product_cat":[82,87],"product_tag":[],"class_list":{"0":"post-2864","1":"product","2":"type-product","3":"status-publish","4":"has-post-thumbnail","6":"product_cat-aspiradors-professionals","7":"product_cat-bateries-aspiradors-professionals","9":"first","10":"instock","11":"taxable","12":"shipping-taxable","13":"purchasable","14":"product-type-simple"},"_links":{"self":[{"href":"https:\/\/7distribucions.com\/en\/wp-json\/wp\/v2\/product\/2864","targetHints":{"allow":["GET"]}}],"collection":[{"href":"https:\/\/7distribucions.com\/en\/wp-json\/wp\/v2\/product"}],"about":[{"href":"https:\/\/7distribucions.com\/en\/wp-json\/wp\/v2\/types\/product"}],"wp:featuredmedia":[{"embeddable":true,"href":"https:\/\/7distribucions.com\/en\/wp-json\/wp\/v2\/media\/2866"}],"wp:attachment":[{"href":"https:\/\/7distribucions.com\/en\/wp-json\/wp\/v2\/media?parent=2864"}],"wp:term":[{"taxonomy":"product_brand","embeddable":true,"href":"https:\/\/7distribucions.com\/en\/wp-json\/wp\/v2\/product_brand?post=2864"},{"taxonomy":"product_cat","embeddable":true,"href":"https:\/\/7distribucions.com\/en\/wp-json\/wp\/v2\/product_cat?post=2864"},{"taxonomy":"product_tag","embeddable":true,"href":"https:\/\/7distribucions.com\/en\/wp-json\/wp\/v2\/product_tag?post=2864"}],"curies":[{"name":"wp","href":"https:\/\/api.w.org\/{rel}","templated":true}]}}