{"id":2859,"date":"2023-04-06T00:13:55","date_gmt":"2023-04-06T00:13:55","guid":{"rendered":"https:\/\/7distribucions.com\/?post_type=product&#038;p=2859"},"modified":"2023-04-06T00:13:55","modified_gmt":"2023-04-06T00:13:55","slug":"cl121dz","status":"publish","type":"product","link":"https:\/\/7distribucions.com\/en\/producto\/cl121dz\/","title":{"rendered":"CL121DZ"},"content":{"rendered":"<p><strong>BENEFICIOS DEL USUARIO:<\/strong><\/p>\n<ul>\n<li>Nuevo aspirador 12V m\u00e1x CXT dise\u00f1ado especialmente para la limpieza del interior del autom\u00f3vil.<\/li>\n<li>Funci\u00f3n de soplador cambiando la boquilla de agujero.<\/li>\n<li>La manguera se puede extender hasta 1 metro. Puede almacenarse en el interior.<\/li>\n<li>Correa para un transporte m\u00e1s c\u00f3modo.<\/li>\n<li>Bot\u00f3n de selecci\u00f3n de volumen de aire (m\u00e1ximo \/ Alto \/ Normal).<\/li>\n<li>Puede usarse con bolsa de papel y con bolsa de tela.<\/li>\n<li>Boquilla para asientos, que elimina polvo fino, pelusa o cabello de los asientos.<\/li>\n<li>Cepillo suave, que elimina el polvo de las salidas de aire acondicionado.<\/li>\n<li>Boquilla de guillotina, que elimina el polvo de las esquinas o grietas.<\/li>\n<li>Boquilla para asientos, que elimina la arena gracias a las protuberancias que tiene.<\/li>\n<li>Boquilla de goma, que elimina el polvo de los huecos de las puertas o el cuadro de mandos.<\/li>\n<li>El circuito de protecci\u00f3n de la bater\u00eda, protege contra sobrecargas y descargas excesivas.<\/li>\n<\/ul>\n<p><a href=\"https:\/\/7distribucions.com\/wp-content\/uploads\/2023\/04\/cl121dz_3.pdf\" target=\"_blank\" rel=\"noopener\"><strong>VER CAT\u00c1LOGO<\/strong><\/a><\/p>\n","protected":false},"excerpt":{"rendered":"<p>BENEFICIOS DEL USUARIO: Nuevo aspirador 12V m\u00e1x CXT dise\u00f1ado especialmente para la limpieza del interior del autom\u00f3vil. Funci\u00f3n de soplador cambiando la boquilla de agujero. La manguera se puede extender&#8230;<\/p>\n","protected":false},"featured_media":2860,"template":"","meta":[],"product_brand":[],"product_cat":[82,87],"product_tag":[],"class_list":{"0":"post-2859","1":"product","2":"type-product","3":"status-publish","4":"has-post-thumbnail","6":"product_cat-aspiradors-professionals","7":"product_cat-bateries-aspiradors-professionals","9":"first","10":"instock","11":"taxable","12":"shipping-taxable","13":"purchasable","14":"product-type-simple"},"_links":{"self":[{"href":"https:\/\/7distribucions.com\/en\/wp-json\/wp\/v2\/product\/2859","targetHints":{"allow":["GET"]}}],"collection":[{"href":"https:\/\/7distribucions.com\/en\/wp-json\/wp\/v2\/product"}],"about":[{"href":"https:\/\/7distribucions.com\/en\/wp-json\/wp\/v2\/types\/product"}],"wp:featuredmedia":[{"embeddable":true,"href":"https:\/\/7distribucions.com\/en\/wp-json\/wp\/v2\/media\/2860"}],"wp:attachment":[{"href":"https:\/\/7distribucions.com\/en\/wp-json\/wp\/v2\/media?parent=2859"}],"wp:term":[{"taxonomy":"product_brand","embeddable":true,"href":"https:\/\/7distribucions.com\/en\/wp-json\/wp\/v2\/product_brand?post=2859"},{"taxonomy":"product_cat","embeddable":true,"href":"https:\/\/7distribucions.com\/en\/wp-json\/wp\/v2\/product_cat?post=2859"},{"taxonomy":"product_tag","embeddable":true,"href":"https:\/\/7distribucions.com\/en\/wp-json\/wp\/v2\/product_tag?post=2859"}],"curies":[{"name":"wp","href":"https:\/\/api.w.org\/{rel}","templated":true}]}}