{"id":2856,"date":"2023-04-06T00:10:34","date_gmt":"2023-04-06T00:10:34","guid":{"rendered":"https:\/\/7distribucions.com\/?post_type=product&#038;p=2856"},"modified":"2025-03-25T13:18:08","modified_gmt":"2025-03-25T13:18:08","slug":"xp-30","status":"publish","type":"product","link":"https:\/\/7distribucions.com\/en\/producto\/xp-30\/","title":{"rendered":"XP 30"},"content":{"rendered":"<p>El SEBO AUTOMATIC XP 30 es el todoterreno inteligente para cualquier tipo de suelo. El cepillo se ajusta autom\u00e1ticamente a la altura \u00f3ptima para su piso, ya sea un piso duro o una alfombra. El bajo peso del mango asegura una f\u00e1cil aspiraci\u00f3n y el mantenimiento de la m\u00e1quina es r\u00e1pido y f\u00e1cil, para que pueda continuar con la limpieza. El tubo telesc\u00f3pico y las herramientas est\u00e1n convenientemente ubicados y listos para su uso inmediato.<\/p>\n<p><a href=\"https:\/\/7distribucions.com\/wp-content\/uploads\/2023\/04\/PROSPEKT_SEBO_AUTOMATIC_XP_02_2019T.pdf\" target=\"_blank\" rel=\"noopener\"><strong>VER CAT\u00c1LOGO<\/strong><\/a><\/p>\n","protected":false},"excerpt":{"rendered":"<p>El SEBO AUTOMATIC XP 30 es el todoterreno inteligente para cualquier tipo de suelo. El cepillo se ajusta autom\u00e1ticamente a la altura \u00f3ptima para su piso, ya sea un piso&#8230;<\/p>\n","protected":false},"featured_media":2857,"template":"","meta":[],"product_brand":[],"product_cat":[82,86],"product_tag":[],"class_list":{"0":"post-2856","1":"product","2":"type-product","3":"status-publish","4":"has-post-thumbnail","6":"product_cat-aspiradors-professionals","7":"product_cat-moquetes","9":"first","10":"instock","11":"taxable","12":"shipping-taxable","13":"product-type-simple"},"_links":{"self":[{"href":"https:\/\/7distribucions.com\/en\/wp-json\/wp\/v2\/product\/2856","targetHints":{"allow":["GET"]}}],"collection":[{"href":"https:\/\/7distribucions.com\/en\/wp-json\/wp\/v2\/product"}],"about":[{"href":"https:\/\/7distribucions.com\/en\/wp-json\/wp\/v2\/types\/product"}],"wp:featuredmedia":[{"embeddable":true,"href":"https:\/\/7distribucions.com\/en\/wp-json\/wp\/v2\/media\/2857"}],"wp:attachment":[{"href":"https:\/\/7distribucions.com\/en\/wp-json\/wp\/v2\/media?parent=2856"}],"wp:term":[{"taxonomy":"product_brand","embeddable":true,"href":"https:\/\/7distribucions.com\/en\/wp-json\/wp\/v2\/product_brand?post=2856"},{"taxonomy":"product_cat","embeddable":true,"href":"https:\/\/7distribucions.com\/en\/wp-json\/wp\/v2\/product_cat?post=2856"},{"taxonomy":"product_tag","embeddable":true,"href":"https:\/\/7distribucions.com\/en\/wp-json\/wp\/v2\/product_tag?post=2856"}],"curies":[{"name":"wp","href":"https:\/\/api.w.org\/{rel}","templated":true}]}}