{"id":2844,"date":"2023-04-05T23:43:52","date_gmt":"2023-04-05T23:43:52","guid":{"rendered":"https:\/\/7distribucions.com\/?post_type=product&#038;p=2844"},"modified":"2026-01-15T16:51:36","modified_gmt":"2026-01-15T16:51:36","slug":"gs1_33-h-iso-5-ulpa","status":"publish","type":"product","link":"https:\/\/7distribucions.com\/en\/producto\/gs1_33-h-iso-5-ulpa\/","title":{"rendered":"GS1_33 H ISO 5 ULPA"},"content":{"rendered":"<p>El aspirador GS 1\/33 H ISO5 ULPA de alta filtraci\u00f3n cuenta con certificaci\u00f3n ISO5, certificaci\u00f3n H y certificaci\u00f3n para sector electrom\u00e9dico, resultando id\u00f3neo tanto, para sectores como el sanitario o educativo, como para empresas de limpieza o sector HORECA. Equipado con ganchos robustos, bolsa de microfibra, sistema de bloqueo para transporte seguro, prefiltro de policarbonato y tapa de seguridad integrada. Dispone de filtraci\u00f3n multietapa, filtraci\u00f3n ULPA, filtro HEPA H14 y sistema de vaciado seguro. Adem\u00e1s, destaca por su dise\u00f1o ecol\u00f3gico, fabricado empleando pl\u00e1sticos reciclados (hasta el 75%) de alta calidad, para promover la protecci\u00f3n del medio ambiente y el desarrollo sostenible.<\/p>\n<p><a href=\"https:\/\/7distribucions.com\/wp-content\/uploads\/2023\/04\/GS-1_33-H-ISO5-ULPA_LF2022_ES.pdf\" target=\"_blank\" rel=\"noopener\"><strong>VER CAT\u00c1LOGO<\/strong><\/a><\/p>\n","protected":false},"excerpt":{"rendered":"<p>El aspirador GS 1\/33 H ISO5 ULPA de alta filtraci\u00f3n cuenta con certificaci\u00f3n ISO5, certificaci\u00f3n H y certificaci\u00f3n para sector electrom\u00e9dico, resultando id\u00f3neo tanto, para sectores como el sanitario o&#8230;<\/p>\n","protected":false},"featured_media":2845,"template":"","meta":[],"product_brand":[],"product_cat":[82,85],"product_tag":[],"class_list":{"0":"post-2844","1":"product","2":"type-product","3":"status-publish","4":"has-post-thumbnail","6":"product_cat-aspiradors-professionals","7":"product_cat-especials-aspiradors-professionals","9":"first","10":"instock","11":"taxable","12":"shipping-taxable","13":"purchasable","14":"product-type-simple"},"_links":{"self":[{"href":"https:\/\/7distribucions.com\/en\/wp-json\/wp\/v2\/product\/2844","targetHints":{"allow":["GET"]}}],"collection":[{"href":"https:\/\/7distribucions.com\/en\/wp-json\/wp\/v2\/product"}],"about":[{"href":"https:\/\/7distribucions.com\/en\/wp-json\/wp\/v2\/types\/product"}],"wp:featuredmedia":[{"embeddable":true,"href":"https:\/\/7distribucions.com\/en\/wp-json\/wp\/v2\/media\/2845"}],"wp:attachment":[{"href":"https:\/\/7distribucions.com\/en\/wp-json\/wp\/v2\/media?parent=2844"}],"wp:term":[{"taxonomy":"product_brand","embeddable":true,"href":"https:\/\/7distribucions.com\/en\/wp-json\/wp\/v2\/product_brand?post=2844"},{"taxonomy":"product_cat","embeddable":true,"href":"https:\/\/7distribucions.com\/en\/wp-json\/wp\/v2\/product_cat?post=2844"},{"taxonomy":"product_tag","embeddable":true,"href":"https:\/\/7distribucions.com\/en\/wp-json\/wp\/v2\/product_tag?post=2844"}],"curies":[{"name":"wp","href":"https:\/\/api.w.org\/{rel}","templated":true}]}}