{"id":2799,"date":"2023-04-05T22:29:53","date_gmt":"2023-04-05T22:29:53","guid":{"rendered":"https:\/\/7distribucions.com\/?post_type=product&#038;p=2799"},"modified":"2024-09-18T22:14:22","modified_gmt":"2024-09-18T22:14:22","slug":"v-wd-27","status":"publish","type":"product","link":"https:\/\/7distribucions.com\/en\/producto\/v-wd-27\/","title":{"rendered":"V WD 27"},"content":{"rendered":"<p>Elimine la suciedad y el agua con los aspiradores de polvo \/ l\u00edquido Tennant y elija el tama\u00f1o y la potencia adecuados para sus necesidades. Todas las m\u00e1quinas est\u00e1n equipadas con motores de alta velocidad.<\/p>\n<p><a href=\"https:\/\/7distribucions.com\/wp-content\/uploads\/2023\/04\/vacuum_family_emea_es_hr.pdf\" target=\"_blank\" rel=\"noopener\"><strong>VER CAT\u00c1LOGO<\/strong><\/a><\/p>\n","protected":false},"excerpt":{"rendered":"<p>Elimine la suciedad y el agua con los aspiradores de polvo \/ l\u00edquido Tennant y elija el tama\u00f1o y la potencia adecuados para sus necesidades. Todas las m\u00e1quinas est\u00e1n equipadas&#8230;<\/p>\n","protected":false},"featured_media":2800,"template":"","meta":[],"product_brand":[],"product_cat":[82,84],"product_tag":[],"class_list":{"0":"post-2799","1":"product","2":"type-product","3":"status-publish","4":"has-post-thumbnail","6":"product_cat-aspiradors-professionals","7":"product_cat-pols-aigua","9":"first","10":"instock","11":"taxable","12":"shipping-taxable","13":"purchasable","14":"product-type-simple"},"_links":{"self":[{"href":"https:\/\/7distribucions.com\/en\/wp-json\/wp\/v2\/product\/2799","targetHints":{"allow":["GET"]}}],"collection":[{"href":"https:\/\/7distribucions.com\/en\/wp-json\/wp\/v2\/product"}],"about":[{"href":"https:\/\/7distribucions.com\/en\/wp-json\/wp\/v2\/types\/product"}],"wp:featuredmedia":[{"embeddable":true,"href":"https:\/\/7distribucions.com\/en\/wp-json\/wp\/v2\/media\/2800"}],"wp:attachment":[{"href":"https:\/\/7distribucions.com\/en\/wp-json\/wp\/v2\/media?parent=2799"}],"wp:term":[{"taxonomy":"product_brand","embeddable":true,"href":"https:\/\/7distribucions.com\/en\/wp-json\/wp\/v2\/product_brand?post=2799"},{"taxonomy":"product_cat","embeddable":true,"href":"https:\/\/7distribucions.com\/en\/wp-json\/wp\/v2\/product_cat?post=2799"},{"taxonomy":"product_tag","embeddable":true,"href":"https:\/\/7distribucions.com\/en\/wp-json\/wp\/v2\/product_tag?post=2799"}],"curies":[{"name":"wp","href":"https:\/\/api.w.org\/{rel}","templated":true}]}}