{"id":2793,"date":"2023-04-05T22:16:14","date_gmt":"2023-04-05T22:16:14","guid":{"rendered":"https:\/\/7distribucions.com\/?post_type=product&#038;p=2793"},"modified":"2024-02-02T11:05:48","modified_gmt":"2024-02-02T11:05:48","slug":"nt-48_1","status":"publish","type":"product","link":"https:\/\/7distribucions.com\/en\/producto\/nt-48_1\/","title":{"rendered":"NT 48_1"},"content":{"rendered":"<p>El NT 48\/1 tiene un dep\u00f3sito con 48 l de volumen. El equipo cuenta con un gancho integrado para el cable de red en el cabezal de la turbina, un alojamiento para tubos de aspiraci\u00f3n y una boquilla para suelos y ranuras en el dep\u00f3sito. El gran filtro de cartucho con una superficie de filtrado de 0,8 m\u00b2 consigue que la potencia de aspiraci\u00f3n del equipo sea constantemente elevada. El eficaz sistema de flotador interrumpe a tiempo la corriente de aire en todos los l\u00edquidos aspirados. La gran superficie de apoyo sobre el cabezal de la carcasa sirve para tener a mano las herramientas y utensilios en todo momento. El NT 48\/1 est\u00e1 equipado adem\u00e1s con una manguera de desag\u00fce y un robusto chasis con ruedas fijas y ruedas de direcci\u00f3n de gran tama\u00f1o. Un freno de estacionamiento y las superficies de agarre del dep\u00f3sito permiten transportar el equipo con facilidad.<\/p>\n<p><a href=\"https:\/\/7distribucions.com\/wp-content\/uploads\/2023\/04\/1.428-620.0_PI_es_ES.pdf\" target=\"_blank\" rel=\"noopener\"><strong>VER CAT\u00c1LOGO<\/strong><\/a><\/p>\n","protected":false},"excerpt":{"rendered":"<p>El NT 48\/1 tiene un dep\u00f3sito con 48 l de volumen. El equipo cuenta con un gancho integrado para el cable de red en el cabezal de la turbina, un&#8230;<\/p>\n","protected":false},"featured_media":2794,"template":"","meta":[],"product_brand":[],"product_cat":[82,84],"product_tag":[],"class_list":{"0":"post-2793","1":"product","2":"type-product","3":"status-publish","4":"has-post-thumbnail","6":"product_cat-aspiradors-professionals","7":"product_cat-pols-aigua","9":"first","10":"instock","11":"taxable","12":"shipping-taxable","13":"purchasable","14":"product-type-simple"},"_links":{"self":[{"href":"https:\/\/7distribucions.com\/en\/wp-json\/wp\/v2\/product\/2793","targetHints":{"allow":["GET"]}}],"collection":[{"href":"https:\/\/7distribucions.com\/en\/wp-json\/wp\/v2\/product"}],"about":[{"href":"https:\/\/7distribucions.com\/en\/wp-json\/wp\/v2\/types\/product"}],"wp:featuredmedia":[{"embeddable":true,"href":"https:\/\/7distribucions.com\/en\/wp-json\/wp\/v2\/media\/2794"}],"wp:attachment":[{"href":"https:\/\/7distribucions.com\/en\/wp-json\/wp\/v2\/media?parent=2793"}],"wp:term":[{"taxonomy":"product_brand","embeddable":true,"href":"https:\/\/7distribucions.com\/en\/wp-json\/wp\/v2\/product_brand?post=2793"},{"taxonomy":"product_cat","embeddable":true,"href":"https:\/\/7distribucions.com\/en\/wp-json\/wp\/v2\/product_cat?post=2793"},{"taxonomy":"product_tag","embeddable":true,"href":"https:\/\/7distribucions.com\/en\/wp-json\/wp\/v2\/product_tag?post=2793"}],"curies":[{"name":"wp","href":"https:\/\/api.w.org\/{rel}","templated":true}]}}