{"id":2755,"date":"2023-04-05T19:31:24","date_gmt":"2023-04-05T19:31:24","guid":{"rendered":"https:\/\/7distribucions.com\/?post_type=product&#038;p=2755"},"modified":"2025-03-25T13:39:24","modified_gmt":"2025-03-25T13:39:24","slug":"gc-2_90-wd","status":"publish","type":"product","link":"https:\/\/7distribucions.com\/en\/producto\/gc-2_90-wd\/","title":{"rendered":"GC 2_90 W&#038;D"},"content":{"rendered":"<p>Pr\u00e1ctico gancho portacable Accesorios siempre a mano Ganchos Robustos Dispositivo integrado para detener los l\u00edquidos y la espuma, protegiendo el motor Junta innovadora incorporada: extremadamente duradera tambi\u00e9n a los productos qu\u00edmicos F\u00e1cil Vaciado del Dep\u00f3sito Gracias a la Manguera de Drenaje<\/p>\n<p><a href=\"https:\/\/7distribucions.com\/wp-content\/uploads\/2023\/04\/GC-2_90-WED_LF2022_ES.pdf\" target=\"_blank\" rel=\"noopener\"><strong>VER CAT\u00c1LOGO<\/strong><\/a><\/p>\n","protected":false},"excerpt":{"rendered":"<p>Pr\u00e1ctico gancho portacable Accesorios siempre a mano Ganchos Robustos Dispositivo integrado para detener los l\u00edquidos y la espuma, protegiendo el motor Junta innovadora incorporada: extremadamente duradera tambi\u00e9n a los productos&#8230;<\/p>\n","protected":false},"featured_media":2756,"template":"","meta":[],"product_brand":[],"product_cat":[82,84],"product_tag":[],"class_list":{"0":"post-2755","1":"product","2":"type-product","3":"status-publish","4":"has-post-thumbnail","6":"product_cat-aspiradors-professionals","7":"product_cat-pols-aigua","9":"first","10":"instock","11":"taxable","12":"shipping-taxable","13":"purchasable","14":"product-type-simple"},"_links":{"self":[{"href":"https:\/\/7distribucions.com\/en\/wp-json\/wp\/v2\/product\/2755","targetHints":{"allow":["GET"]}}],"collection":[{"href":"https:\/\/7distribucions.com\/en\/wp-json\/wp\/v2\/product"}],"about":[{"href":"https:\/\/7distribucions.com\/en\/wp-json\/wp\/v2\/types\/product"}],"wp:featuredmedia":[{"embeddable":true,"href":"https:\/\/7distribucions.com\/en\/wp-json\/wp\/v2\/media\/2756"}],"wp:attachment":[{"href":"https:\/\/7distribucions.com\/en\/wp-json\/wp\/v2\/media?parent=2755"}],"wp:term":[{"taxonomy":"product_brand","embeddable":true,"href":"https:\/\/7distribucions.com\/en\/wp-json\/wp\/v2\/product_brand?post=2755"},{"taxonomy":"product_cat","embeddable":true,"href":"https:\/\/7distribucions.com\/en\/wp-json\/wp\/v2\/product_cat?post=2755"},{"taxonomy":"product_tag","embeddable":true,"href":"https:\/\/7distribucions.com\/en\/wp-json\/wp\/v2\/product_tag?post=2755"}],"curies":[{"name":"wp","href":"https:\/\/api.w.org\/{rel}","templated":true}]}}