{"id":2752,"date":"2023-04-05T19:27:25","date_gmt":"2023-04-05T19:27:25","guid":{"rendered":"https:\/\/7distribucions.com\/?post_type=product&#038;p=2752"},"modified":"2026-01-15T16:51:10","modified_gmt":"2026-01-15T16:51:10","slug":"yp-1-5-backpack","status":"publish","type":"product","link":"https:\/\/7distribucions.com\/en\/producto\/yp-1-5-backpack\/","title":{"rendered":"YP 1-5 BACKPACK"},"content":{"rendered":"<p>YP 1\/5 Backpack es una aspiradora de mochila.<\/p>\n<p>Esta aspiradora en seco profesional, liviana y eficiente, es ideal para limpiar pisos de baldosas, pisos de madera y alfombras. Equipado con tubo telesc\u00f3pico, limpia espacios estrechos, peque\u00f1os, altos y profundos.<\/p>\n<p>Compacto y f\u00e1cil de llevar, YP 1\/5 est\u00e1 dise\u00f1ado para garantizar el m\u00e1ximo confort durante las operaciones de limpieza.<\/p>\n<p><a href=\"https:\/\/7distribucions.com\/wp-content\/uploads\/2023\/04\/IPC-YP-1-5-BACKPACK.pdf\" target=\"_blank\" rel=\"noopener\"><strong>VER CAT\u00c1LOGO<\/strong><\/a><\/p>\n","protected":false},"excerpt":{"rendered":"<p>YP 1\/5 Backpack es una aspiradora de mochila. Esta aspiradora en seco profesional, liviana y eficiente, es ideal para limpiar pisos de baldosas, pisos de madera y alfombras. Equipado con&#8230;<\/p>\n","protected":false},"featured_media":2753,"template":"","meta":[],"product_brand":[],"product_cat":[82,83],"product_tag":[],"class_list":{"0":"post-2752","1":"product","2":"type-product","3":"status-publish","4":"has-post-thumbnail","6":"product_cat-aspiradors-professionals","7":"product_cat-pols","9":"first","10":"instock","11":"taxable","12":"shipping-taxable","13":"purchasable","14":"product-type-simple"},"_links":{"self":[{"href":"https:\/\/7distribucions.com\/en\/wp-json\/wp\/v2\/product\/2752","targetHints":{"allow":["GET"]}}],"collection":[{"href":"https:\/\/7distribucions.com\/en\/wp-json\/wp\/v2\/product"}],"about":[{"href":"https:\/\/7distribucions.com\/en\/wp-json\/wp\/v2\/types\/product"}],"wp:featuredmedia":[{"embeddable":true,"href":"https:\/\/7distribucions.com\/en\/wp-json\/wp\/v2\/media\/2753"}],"wp:attachment":[{"href":"https:\/\/7distribucions.com\/en\/wp-json\/wp\/v2\/media?parent=2752"}],"wp:term":[{"taxonomy":"product_brand","embeddable":true,"href":"https:\/\/7distribucions.com\/en\/wp-json\/wp\/v2\/product_brand?post=2752"},{"taxonomy":"product_cat","embeddable":true,"href":"https:\/\/7distribucions.com\/en\/wp-json\/wp\/v2\/product_cat?post=2752"},{"taxonomy":"product_tag","embeddable":true,"href":"https:\/\/7distribucions.com\/en\/wp-json\/wp\/v2\/product_tag?post=2752"}],"curies":[{"name":"wp","href":"https:\/\/api.w.org\/{rel}","templated":true}]}}