{"id":2749,"date":"2023-04-05T19:25:01","date_gmt":"2023-04-05T19:25:01","guid":{"rendered":"https:\/\/7distribucions.com\/?post_type=product&#038;p=2749"},"modified":"2026-04-11T02:04:00","modified_gmt":"2026-04-11T02:04:00","slug":"yp-1_6-eco-b","status":"publish","type":"product","link":"https:\/\/7distribucions.com\/en\/producto\/yp-1_6-eco-b\/","title":{"rendered":"YP 1_6 ECO B"},"content":{"rendered":"<p>Descripci\u00f3n<\/p>\n<p>CARACTER\u00cdSTICAS PRINCIPALES<\/p>\n<ul>\n<li>Pr\u00e1ctico gancho porta cable<\/li>\n<li>Accesorios siempre a mano<\/li>\n<li>Ruedas 2 giratorias y 2 fijas<\/li>\n<li>Motor ecol\u00f3gico<\/li>\n<li>Boquilla y bolsa ecol\u00f3gicas<\/li>\n<\/ul>\n<p><a href=\"https:\/\/7distribucions.com\/wp-content\/uploads\/2023\/04\/YP-1_6-ECO-B_LF2022_ES.pdf\" target=\"_blank\" rel=\"noopener\"><strong>VER CAT\u00c1LOGO<\/strong><\/a><\/p>\n","protected":false},"excerpt":{"rendered":"<p>Descripci\u00f3n CARACTER\u00cdSTICAS PRINCIPALES Pr\u00e1ctico gancho porta cable Accesorios siempre a mano Ruedas 2 giratorias y 2 fijas Motor ecol\u00f3gico Boquilla y bolsa ecol\u00f3gicas VER CAT\u00c1LOGO<\/p>\n","protected":false},"featured_media":2750,"template":"","meta":[],"product_brand":[],"product_cat":[82,83],"product_tag":[],"class_list":{"0":"post-2749","1":"product","2":"type-product","3":"status-publish","4":"has-post-thumbnail","6":"product_cat-aspiradors-professionals","7":"product_cat-pols","9":"first","10":"instock","11":"taxable","12":"shipping-taxable","13":"purchasable","14":"product-type-simple"},"_links":{"self":[{"href":"https:\/\/7distribucions.com\/en\/wp-json\/wp\/v2\/product\/2749","targetHints":{"allow":["GET"]}}],"collection":[{"href":"https:\/\/7distribucions.com\/en\/wp-json\/wp\/v2\/product"}],"about":[{"href":"https:\/\/7distribucions.com\/en\/wp-json\/wp\/v2\/types\/product"}],"wp:featuredmedia":[{"embeddable":true,"href":"https:\/\/7distribucions.com\/en\/wp-json\/wp\/v2\/media\/2750"}],"wp:attachment":[{"href":"https:\/\/7distribucions.com\/en\/wp-json\/wp\/v2\/media?parent=2749"}],"wp:term":[{"taxonomy":"product_brand","embeddable":true,"href":"https:\/\/7distribucions.com\/en\/wp-json\/wp\/v2\/product_brand?post=2749"},{"taxonomy":"product_cat","embeddable":true,"href":"https:\/\/7distribucions.com\/en\/wp-json\/wp\/v2\/product_cat?post=2749"},{"taxonomy":"product_tag","embeddable":true,"href":"https:\/\/7distribucions.com\/en\/wp-json\/wp\/v2\/product_tag?post=2749"}],"curies":[{"name":"wp","href":"https:\/\/api.w.org\/{rel}","templated":true}]}}