{"id":2743,"date":"2023-04-05T19:17:47","date_gmt":"2023-04-05T19:17:47","guid":{"rendered":"https:\/\/7distribucions.com\/?post_type=product&#038;p=2743"},"modified":"2024-04-16T08:52:35","modified_gmt":"2024-04-16T08:52:35","slug":"v-can-12","status":"publish","type":"product","link":"https:\/\/7distribucions.com\/en\/producto\/v-can-12\/","title":{"rendered":"V CAN 12"},"content":{"rendered":"<ul>\n<li>Dise\u00f1o eficaz y ergon\u00f3mico, ideado para ayudar a los usuarios a trabajar sin realiza un esfuerzo extra.<\/li>\n<li>Filtrado de 3 etapas (V-CAN-12 y V-CAN-16), para limpiar los suelos mientras se mantiene la buena calidad del aire.<\/li>\n<li>Funcionamiento silencioso, para evitar interrumpir los trabajos que se realizan alrededor.<\/li>\n<li>Construcci\u00f3n con hasta un 55 % de pl\u00e1stico reciclado (V-CAN-12 Y V-CAN-16), dise\u00f1ado para promover programas de limpieza sostenibles.<\/li>\n<\/ul>\n<p><a href=\"https:\/\/7distribucions.com\/wp-content\/uploads\/2023\/04\/v-can-12-sell-sheet_emea_es_hr.pdf\" target=\"_blank\" rel=\"noopener\"><strong>VER CAT\u00c1LOGO<\/strong><\/a><\/p>\n","protected":false},"excerpt":{"rendered":"<p>Dise\u00f1o eficaz y ergon\u00f3mico, ideado para ayudar a los usuarios a trabajar sin realiza un esfuerzo extra. Filtrado de 3 etapas (V-CAN-12 y V-CAN-16), para limpiar los suelos mientras se&#8230;<\/p>\n","protected":false},"featured_media":2744,"template":"","meta":[],"product_brand":[],"product_cat":[82,83],"product_tag":[],"class_list":{"0":"post-2743","1":"product","2":"type-product","3":"status-publish","4":"has-post-thumbnail","6":"product_cat-aspiradors-professionals","7":"product_cat-pols","9":"first","10":"instock","11":"taxable","12":"shipping-taxable","13":"purchasable","14":"product-type-simple"},"_links":{"self":[{"href":"https:\/\/7distribucions.com\/en\/wp-json\/wp\/v2\/product\/2743","targetHints":{"allow":["GET"]}}],"collection":[{"href":"https:\/\/7distribucions.com\/en\/wp-json\/wp\/v2\/product"}],"about":[{"href":"https:\/\/7distribucions.com\/en\/wp-json\/wp\/v2\/types\/product"}],"wp:featuredmedia":[{"embeddable":true,"href":"https:\/\/7distribucions.com\/en\/wp-json\/wp\/v2\/media\/2744"}],"wp:attachment":[{"href":"https:\/\/7distribucions.com\/en\/wp-json\/wp\/v2\/media?parent=2743"}],"wp:term":[{"taxonomy":"product_brand","embeddable":true,"href":"https:\/\/7distribucions.com\/en\/wp-json\/wp\/v2\/product_brand?post=2743"},{"taxonomy":"product_cat","embeddable":true,"href":"https:\/\/7distribucions.com\/en\/wp-json\/wp\/v2\/product_cat?post=2743"},{"taxonomy":"product_tag","embeddable":true,"href":"https:\/\/7distribucions.com\/en\/wp-json\/wp\/v2\/product_tag?post=2743"}],"curies":[{"name":"wp","href":"https:\/\/api.w.org\/{rel}","templated":true}]}}