{"id":2737,"date":"2023-04-05T19:09:21","date_gmt":"2023-04-05T19:09:21","guid":{"rendered":"https:\/\/7distribucions.com\/?post_type=product&#038;p=2737"},"modified":"2024-04-16T08:52:36","modified_gmt":"2024-04-16T08:52:36","slug":"v-bp-7","status":"publish","type":"product","link":"https:\/\/7distribucions.com\/en\/producto\/v-bp-7\/","title":{"rendered":"V BP 7"},"content":{"rendered":"<p>El aspirador mochila V-BP-7 de Tennant es f\u00e1cil de utilizar en pr\u00e1cticamente cualquier tipo de instalaci\u00f3n gracias a su ligero y ergon\u00f3mico dise\u00f1o, equipado con filtro HEPA de serie y accesorios especiales para proporcionar una experiencia de limpieza personalizada.<\/p>\n<p><a href=\"https:\/\/7distribucions.com\/wp-content\/uploads\/2023\/04\/tanz_v-bp-7_lr.pdf\" target=\"_blank\" rel=\"noopener\"><strong>VER CAT\u00c1LOGO<\/strong><\/a><\/p>\n","protected":false},"excerpt":{"rendered":"<p>El aspirador mochila V-BP-7 de Tennant es f\u00e1cil de utilizar en pr\u00e1cticamente cualquier tipo de instalaci\u00f3n gracias a su ligero y ergon\u00f3mico dise\u00f1o, equipado con filtro HEPA de serie y&#8230;<\/p>\n","protected":false},"featured_media":2738,"template":"","meta":[],"product_brand":[],"product_cat":[82,83],"product_tag":[],"class_list":{"0":"post-2737","1":"product","2":"type-product","3":"status-publish","4":"has-post-thumbnail","6":"product_cat-aspiradors-professionals","7":"product_cat-pols","9":"first","10":"instock","11":"taxable","12":"shipping-taxable","13":"purchasable","14":"product-type-simple"},"_links":{"self":[{"href":"https:\/\/7distribucions.com\/en\/wp-json\/wp\/v2\/product\/2737","targetHints":{"allow":["GET"]}}],"collection":[{"href":"https:\/\/7distribucions.com\/en\/wp-json\/wp\/v2\/product"}],"about":[{"href":"https:\/\/7distribucions.com\/en\/wp-json\/wp\/v2\/types\/product"}],"wp:featuredmedia":[{"embeddable":true,"href":"https:\/\/7distribucions.com\/en\/wp-json\/wp\/v2\/media\/2738"}],"wp:attachment":[{"href":"https:\/\/7distribucions.com\/en\/wp-json\/wp\/v2\/media?parent=2737"}],"wp:term":[{"taxonomy":"product_brand","embeddable":true,"href":"https:\/\/7distribucions.com\/en\/wp-json\/wp\/v2\/product_brand?post=2737"},{"taxonomy":"product_cat","embeddable":true,"href":"https:\/\/7distribucions.com\/en\/wp-json\/wp\/v2\/product_cat?post=2737"},{"taxonomy":"product_tag","embeddable":true,"href":"https:\/\/7distribucions.com\/en\/wp-json\/wp\/v2\/product_tag?post=2737"}],"curies":[{"name":"wp","href":"https:\/\/api.w.org\/{rel}","templated":true}]}}