{"id":2731,"date":"2023-04-05T18:58:16","date_gmt":"2023-04-05T18:58:16","guid":{"rendered":"https:\/\/7distribucions.com\/?post_type=product&#038;p=2731"},"modified":"2026-04-21T12:14:15","modified_gmt":"2026-04-21T12:14:15","slug":"lp-1_16-luxe","status":"publish","type":"product","link":"https:\/\/7distribucions.com\/en\/producto\/lp-1_16-luxe\/","title":{"rendered":"LP 1_16 LUXE"},"content":{"rendered":"<p>El aspirador de polvo LP 1\/16 LUXE ha sido dise\u00f1ado por los ingenieros de IP Cleaning para combinar el rendimiento y la eco-sostenibilidad con el fin de ser m\u00e1s respetuosos con el medio ambiente. El eco-motor proporciona 33 kWh \/ a\u00f1o menos de consumo y una durabilidad de hasta 800 horas sin p\u00e9rdida de rendimiento. El funcionamiento extremadamente silencioso de la m\u00e1quina, tambi\u00e9n, lo hace adecuado para entornos donde se requiere discreci\u00f3n, como oficinas, escuelas, hoteles u hospitales.<\/p>\n<p><a href=\"https:\/\/7distribucions.com\/wp-content\/uploads\/2023\/04\/LP-1_16-LUXE_LF2022_ES.pdf\" target=\"_blank\" rel=\"noopener\"><strong>VER CAT\u00c1LOGO<\/strong><\/a><\/p>\n","protected":false},"excerpt":{"rendered":"<p>El aspirador de polvo LP 1\/16 LUXE ha sido dise\u00f1ado por los ingenieros de IP Cleaning para combinar el rendimiento y la eco-sostenibilidad con el fin de ser m\u00e1s respetuosos&#8230;<\/p>\n","protected":false},"featured_media":2732,"template":"","meta":[],"product_brand":[],"product_cat":[82,83],"product_tag":[],"class_list":{"0":"post-2731","1":"product","2":"type-product","3":"status-publish","4":"has-post-thumbnail","6":"product_cat-aspiradors-professionals","7":"product_cat-pols","9":"first","10":"instock","11":"taxable","12":"shipping-taxable","13":"purchasable","14":"product-type-simple"},"_links":{"self":[{"href":"https:\/\/7distribucions.com\/en\/wp-json\/wp\/v2\/product\/2731","targetHints":{"allow":["GET"]}}],"collection":[{"href":"https:\/\/7distribucions.com\/en\/wp-json\/wp\/v2\/product"}],"about":[{"href":"https:\/\/7distribucions.com\/en\/wp-json\/wp\/v2\/types\/product"}],"wp:featuredmedia":[{"embeddable":true,"href":"https:\/\/7distribucions.com\/en\/wp-json\/wp\/v2\/media\/2732"}],"wp:attachment":[{"href":"https:\/\/7distribucions.com\/en\/wp-json\/wp\/v2\/media?parent=2731"}],"wp:term":[{"taxonomy":"product_brand","embeddable":true,"href":"https:\/\/7distribucions.com\/en\/wp-json\/wp\/v2\/product_brand?post=2731"},{"taxonomy":"product_cat","embeddable":true,"href":"https:\/\/7distribucions.com\/en\/wp-json\/wp\/v2\/product_cat?post=2731"},{"taxonomy":"product_tag","embeddable":true,"href":"https:\/\/7distribucions.com\/en\/wp-json\/wp\/v2\/product_tag?post=2731"}],"curies":[{"name":"wp","href":"https:\/\/api.w.org\/{rel}","templated":true}]}}