{"id":2728,"date":"2023-04-05T18:56:04","date_gmt":"2023-04-05T18:56:04","guid":{"rendered":"https:\/\/7distribucions.com\/?post_type=product&#038;p=2728"},"modified":"2026-04-20T10:35:58","modified_gmt":"2026-04-20T10:35:58","slug":"lp-1_12-eco-a","status":"publish","type":"product","link":"https:\/\/7distribucions.com\/en\/producto\/lp-1_12-eco-a\/","title":{"rendered":"LP 1_12 ECO A"},"content":{"rendered":"<p>LP 1\/12 es un aspirador profesional de solo polvo dise\u00f1ado con una estructura duradera y fiable para permitir una larga vida \u00fatil de la m\u00e1quina. Los materiales est\u00e1n hechos de pl\u00e1stico reciclado hasta un 75%, es altamente ecol\u00f3gico y respecta la sostenibilidad ambiental. Ha sido dise\u00f1ado para facilitar el trabajo de los usuarios, convirti\u00e9ndolo en la m\u00e1quina perfecta para la limpieza en espacios peque\u00f1os o medianos y con absoluta rapidez.<\/p>\n<p><a href=\"https:\/\/7distribucions.com\/wp-content\/uploads\/2023\/04\/LP-1_12-ECO-A_LF2022_ES.pdf\" target=\"_blank\" rel=\"noopener\"><strong>VER CAT\u00c1LOGO<\/strong><\/a><\/p>\n","protected":false},"excerpt":{"rendered":"<p>LP 1\/12 es un aspirador profesional de solo polvo dise\u00f1ado con una estructura duradera y fiable para permitir una larga vida \u00fatil de la m\u00e1quina. Los materiales est\u00e1n hechos de&#8230;<\/p>\n","protected":false},"featured_media":2729,"template":"","meta":[],"product_brand":[],"product_cat":[82,120,83],"product_tag":[],"class_list":{"0":"post-2728","1":"product","2":"type-product","3":"status-publish","4":"has-post-thumbnail","6":"product_cat-aspiradors-professionals","7":"product_cat-destacados","8":"product_cat-pols","10":"first","11":"instock","12":"taxable","13":"shipping-taxable","14":"purchasable","15":"product-type-simple"},"_links":{"self":[{"href":"https:\/\/7distribucions.com\/en\/wp-json\/wp\/v2\/product\/2728","targetHints":{"allow":["GET"]}}],"collection":[{"href":"https:\/\/7distribucions.com\/en\/wp-json\/wp\/v2\/product"}],"about":[{"href":"https:\/\/7distribucions.com\/en\/wp-json\/wp\/v2\/types\/product"}],"wp:featuredmedia":[{"embeddable":true,"href":"https:\/\/7distribucions.com\/en\/wp-json\/wp\/v2\/media\/2729"}],"wp:attachment":[{"href":"https:\/\/7distribucions.com\/en\/wp-json\/wp\/v2\/media?parent=2728"}],"wp:term":[{"taxonomy":"product_brand","embeddable":true,"href":"https:\/\/7distribucions.com\/en\/wp-json\/wp\/v2\/product_brand?post=2728"},{"taxonomy":"product_cat","embeddable":true,"href":"https:\/\/7distribucions.com\/en\/wp-json\/wp\/v2\/product_cat?post=2728"},{"taxonomy":"product_tag","embeddable":true,"href":"https:\/\/7distribucions.com\/en\/wp-json\/wp\/v2\/product_tag?post=2728"}],"curies":[{"name":"wp","href":"https:\/\/api.w.org\/{rel}","templated":true}]}}