{"id":2725,"date":"2023-04-05T18:54:18","date_gmt":"2023-04-05T18:54:18","guid":{"rendered":"https:\/\/7distribucions.com\/?post_type=product&#038;p=2725"},"modified":"2026-01-15T16:52:21","modified_gmt":"2026-01-15T16:52:21","slug":"isy","status":"publish","type":"product","link":"https:\/\/7distribucions.com\/en\/producto\/isy\/","title":{"rendered":"ISY"},"content":{"rendered":"<p>del para aspirar peque\u00f1os residuos polvo fino y cenizas apto para la limpieza despu\u00e9s de una peque\u00f1a reforma o trabajos de mantenimiento ligero y compacto sistema de limpieza de filtros bater\u00eda de li-ion &#8211; 30 minutos de uso<\/p>\n<p><a href=\"https:\/\/7distribucions.com\/wp-content\/uploads\/2023\/04\/ISY_LF2022_ES-1.pdf\" target=\"_blank\" rel=\"noopener\"><strong>VER CAT\u00c1LOGO<\/strong><\/a><\/p>\n","protected":false},"excerpt":{"rendered":"<p>del para aspirar peque\u00f1os residuos polvo fino y cenizas apto para la limpieza despu\u00e9s de una peque\u00f1a reforma o trabajos de mantenimiento ligero y compacto sistema de limpieza de filtros&#8230;<\/p>\n","protected":false},"featured_media":2726,"template":"","meta":[],"product_brand":[],"product_cat":[82,83],"product_tag":[],"class_list":{"0":"post-2725","1":"product","2":"type-product","3":"status-publish","4":"has-post-thumbnail","6":"product_cat-aspiradors-professionals","7":"product_cat-pols","9":"first","10":"instock","11":"taxable","12":"shipping-taxable","13":"purchasable","14":"product-type-simple"},"_links":{"self":[{"href":"https:\/\/7distribucions.com\/en\/wp-json\/wp\/v2\/product\/2725","targetHints":{"allow":["GET"]}}],"collection":[{"href":"https:\/\/7distribucions.com\/en\/wp-json\/wp\/v2\/product"}],"about":[{"href":"https:\/\/7distribucions.com\/en\/wp-json\/wp\/v2\/types\/product"}],"wp:featuredmedia":[{"embeddable":true,"href":"https:\/\/7distribucions.com\/en\/wp-json\/wp\/v2\/media\/2726"}],"wp:attachment":[{"href":"https:\/\/7distribucions.com\/en\/wp-json\/wp\/v2\/media?parent=2725"}],"wp:term":[{"taxonomy":"product_brand","embeddable":true,"href":"https:\/\/7distribucions.com\/en\/wp-json\/wp\/v2\/product_brand?post=2725"},{"taxonomy":"product_cat","embeddable":true,"href":"https:\/\/7distribucions.com\/en\/wp-json\/wp\/v2\/product_cat?post=2725"},{"taxonomy":"product_tag","embeddable":true,"href":"https:\/\/7distribucions.com\/en\/wp-json\/wp\/v2\/product_tag?post=2725"}],"curies":[{"name":"wp","href":"https:\/\/api.w.org\/{rel}","templated":true}]}}