{"id":2711,"date":"2023-04-04T17:55:26","date_gmt":"2023-04-04T17:55:26","guid":{"rendered":"https:\/\/7distribucions.com\/?post_type=product&#038;p=2711"},"modified":"2024-09-18T07:47:25","modified_gmt":"2024-09-18T07:47:25","slug":"super-agro-16l","status":"publish","type":"product","link":"https:\/\/7distribucions.com\/en\/producto\/super-agro-16l\/","title":{"rendered":"SUPER AGRO 16L"},"content":{"rendered":"<ul>\n<li>Pulverizador de presi\u00f3n retenida de 16 litros<\/li>\n<li>Lanza de lat\u00f3n cromado<\/li>\n<li>Correas acolchadas y regulables<\/li>\n<li>Tiene una c\u00e1mara exc\u00e9ntrica<\/li>\n<\/ul>\n","protected":false},"excerpt":{"rendered":"<p>Pulverizador de presi\u00f3n retenida de 16 litros Lanza de lat\u00f3n cromado Correas acolchadas y regulables Tiene una c\u00e1mara exc\u00e9ntrica<\/p>\n","protected":false},"featured_media":2712,"template":"","meta":[],"product_brand":[],"product_cat":[81,79],"product_tag":[],"class_list":{"0":"post-2711","1":"product","2":"type-product","3":"status-publish","4":"has-post-thumbnail","6":"product_cat-matabi","7":"product_cat-pulveritzadors","9":"first","10":"instock","11":"taxable","12":"shipping-taxable","13":"purchasable","14":"product-type-simple"},"_links":{"self":[{"href":"https:\/\/7distribucions.com\/en\/wp-json\/wp\/v2\/product\/2711","targetHints":{"allow":["GET"]}}],"collection":[{"href":"https:\/\/7distribucions.com\/en\/wp-json\/wp\/v2\/product"}],"about":[{"href":"https:\/\/7distribucions.com\/en\/wp-json\/wp\/v2\/types\/product"}],"wp:featuredmedia":[{"embeddable":true,"href":"https:\/\/7distribucions.com\/en\/wp-json\/wp\/v2\/media\/2712"}],"wp:attachment":[{"href":"https:\/\/7distribucions.com\/en\/wp-json\/wp\/v2\/media?parent=2711"}],"wp:term":[{"taxonomy":"product_brand","embeddable":true,"href":"https:\/\/7distribucions.com\/en\/wp-json\/wp\/v2\/product_brand?post=2711"},{"taxonomy":"product_cat","embeddable":true,"href":"https:\/\/7distribucions.com\/en\/wp-json\/wp\/v2\/product_cat?post=2711"},{"taxonomy":"product_tag","embeddable":true,"href":"https:\/\/7distribucions.com\/en\/wp-json\/wp\/v2\/product_tag?post=2711"}],"curies":[{"name":"wp","href":"https:\/\/api.w.org\/{rel}","templated":true}]}}