{"id":2697,"date":"2023-04-04T17:07:06","date_gmt":"2023-04-04T17:07:06","guid":{"rendered":"https:\/\/7distribucions.com\/?post_type=product&#038;p=2697"},"modified":"2024-09-18T07:10:33","modified_gmt":"2024-09-18T07:10:33","slug":"polita-7","status":"publish","type":"product","link":"https:\/\/7distribucions.com\/en\/producto\/polita-7\/","title":{"rendered":"POLITA 7"},"content":{"rendered":"<p>Pulverizador de previa presi\u00f3n de 5 litros de capacidad \u00fatil equipado para realizar trabajos de cuidado de plantas y jardines en un entorno amateur. Trasportable c\u00f3modamente en bandolera<\/p>\n<p><a href=\"https:\/\/7distribucions.com\/wp-content\/uploads\/2023\/04\/82842.pdf\" target=\"_blank\" rel=\"noopener\"><strong>VER CAT\u00c1LOGO<\/strong><\/a><\/p>\n","protected":false},"excerpt":{"rendered":"<p>PEDIDO MINIMO 4 UNIDADES<\/p>\n","protected":false},"featured_media":2698,"template":"","meta":[],"product_brand":[],"product_cat":[81,79],"product_tag":[],"class_list":{"0":"post-2697","1":"product","2":"type-product","3":"status-publish","4":"has-post-thumbnail","6":"product_cat-matabi","7":"product_cat-pulveritzadors","9":"first","10":"instock","11":"taxable","12":"shipping-taxable","13":"purchasable","14":"product-type-simple"},"_links":{"self":[{"href":"https:\/\/7distribucions.com\/en\/wp-json\/wp\/v2\/product\/2697","targetHints":{"allow":["GET"]}}],"collection":[{"href":"https:\/\/7distribucions.com\/en\/wp-json\/wp\/v2\/product"}],"about":[{"href":"https:\/\/7distribucions.com\/en\/wp-json\/wp\/v2\/types\/product"}],"wp:featuredmedia":[{"embeddable":true,"href":"https:\/\/7distribucions.com\/en\/wp-json\/wp\/v2\/media\/2698"}],"wp:attachment":[{"href":"https:\/\/7distribucions.com\/en\/wp-json\/wp\/v2\/media?parent=2697"}],"wp:term":[{"taxonomy":"product_brand","embeddable":true,"href":"https:\/\/7distribucions.com\/en\/wp-json\/wp\/v2\/product_brand?post=2697"},{"taxonomy":"product_cat","embeddable":true,"href":"https:\/\/7distribucions.com\/en\/wp-json\/wp\/v2\/product_cat?post=2697"},{"taxonomy":"product_tag","embeddable":true,"href":"https:\/\/7distribucions.com\/en\/wp-json\/wp\/v2\/product_tag?post=2697"}],"curies":[{"name":"wp","href":"https:\/\/api.w.org\/{rel}","templated":true}]}}