{"id":2678,"date":"2023-04-04T16:45:47","date_gmt":"2023-04-04T16:45:47","guid":{"rendered":"https:\/\/7distribucions.com\/?post_type=product&#038;p=2678"},"modified":"2024-09-18T08:27:06","modified_gmt":"2024-09-18T08:27:06","slug":"evolution-10lt","status":"publish","type":"product","link":"https:\/\/7distribucions.com\/en\/producto\/evolution-10lt\/","title":{"rendered":"EVOLUTION 10LT"},"content":{"rendered":"<p>El pulverizador el\u00e9ctrico Matabi Evolution 10 LT funciona con una bater\u00eda de Li-ion a 12 vatios de potencia. Tiene una capacidad pulverizaci\u00f3n de 10 litros y es realmente ligero y robusto. El Evolution 10 LT es el pulverizador el\u00e9ctrico de espalda m\u00e1s compacto, ideal para su uso en huertos y jardines de tama\u00f1o medio y peque\u00f1o.<\/p>\n<p><a href=\"https:\/\/7distribucions.com\/wp-content\/uploads\/2023\/04\/83049.pdf\" target=\"_blank\" rel=\"noopener\"><strong>VER CAT\u00c1LOGO<\/strong><\/a><\/p>\n","protected":false},"excerpt":{"rendered":"<p>El pulverizador el\u00e9ctrico Matabi Evolution 10 LT funciona con una bater\u00eda de Li-ion a 12 vatios de potencia. Tiene una capacidad pulverizaci\u00f3n de 10 litros y es realmente ligero y&#8230;<\/p>\n","protected":false},"featured_media":2679,"template":"","meta":[],"product_brand":[],"product_cat":[81,79],"product_tag":[],"class_list":{"0":"post-2678","1":"product","2":"type-product","3":"status-publish","4":"has-post-thumbnail","6":"product_cat-matabi","7":"product_cat-pulveritzadors","9":"first","10":"instock","11":"taxable","12":"shipping-taxable","13":"purchasable","14":"product-type-simple"},"_links":{"self":[{"href":"https:\/\/7distribucions.com\/en\/wp-json\/wp\/v2\/product\/2678","targetHints":{"allow":["GET"]}}],"collection":[{"href":"https:\/\/7distribucions.com\/en\/wp-json\/wp\/v2\/product"}],"about":[{"href":"https:\/\/7distribucions.com\/en\/wp-json\/wp\/v2\/types\/product"}],"wp:featuredmedia":[{"embeddable":true,"href":"https:\/\/7distribucions.com\/en\/wp-json\/wp\/v2\/media\/2679"}],"wp:attachment":[{"href":"https:\/\/7distribucions.com\/en\/wp-json\/wp\/v2\/media?parent=2678"}],"wp:term":[{"taxonomy":"product_brand","embeddable":true,"href":"https:\/\/7distribucions.com\/en\/wp-json\/wp\/v2\/product_brand?post=2678"},{"taxonomy":"product_cat","embeddable":true,"href":"https:\/\/7distribucions.com\/en\/wp-json\/wp\/v2\/product_cat?post=2678"},{"taxonomy":"product_tag","embeddable":true,"href":"https:\/\/7distribucions.com\/en\/wp-json\/wp\/v2\/product_tag?post=2678"}],"curies":[{"name":"wp","href":"https:\/\/api.w.org\/{rel}","templated":true}]}}