{"id":2675,"date":"2023-04-04T16:40:54","date_gmt":"2023-04-04T16:40:54","guid":{"rendered":"https:\/\/7distribucions.com\/?post_type=product&#038;p=2675"},"modified":"2024-09-18T08:28:19","modified_gmt":"2024-09-18T08:28:19","slug":"evolution-7","status":"publish","type":"product","link":"https:\/\/7distribucions.com\/en\/producto\/evolution-7\/","title":{"rendered":"EVOLUTION 7"},"content":{"rendered":"<p>Pulverizador de previa presi\u00f3n de 5 litros de capacidad \u00fatil con dise\u00f1o innovador y un sistema de presi\u00f3n ergon\u00f3mico. La gran amplitud de la boca de llenado y la translucidez del tanque permiten que las operaciones de llenado y vaciado se puedan realizar con seguridad y precisi\u00f3n.<\/p>\n<p><a href=\"https:\/\/7distribucions.com\/wp-content\/uploads\/2023\/04\/82047.pdf\" target=\"_blank\" rel=\"noopener\"><strong>VER CAT\u00c1LOGO<\/strong><\/a><\/p>\n","protected":false},"excerpt":{"rendered":"<p>Pulverizador de previa presi\u00f3n de 5 litros de capacidad \u00fatil con dise\u00f1o innovador y un sistema de presi\u00f3n ergon\u00f3mico. La gran amplitud de la boca de llenado y la translucidez&#8230;<\/p>\n","protected":false},"featured_media":2676,"template":"","meta":[],"product_brand":[],"product_cat":[81,79],"product_tag":[],"class_list":{"0":"post-2675","1":"product","2":"type-product","3":"status-publish","4":"has-post-thumbnail","6":"product_cat-matabi","7":"product_cat-pulveritzadors","9":"first","10":"instock","11":"taxable","12":"shipping-taxable","13":"purchasable","14":"product-type-simple"},"_links":{"self":[{"href":"https:\/\/7distribucions.com\/en\/wp-json\/wp\/v2\/product\/2675","targetHints":{"allow":["GET"]}}],"collection":[{"href":"https:\/\/7distribucions.com\/en\/wp-json\/wp\/v2\/product"}],"about":[{"href":"https:\/\/7distribucions.com\/en\/wp-json\/wp\/v2\/types\/product"}],"wp:featuredmedia":[{"embeddable":true,"href":"https:\/\/7distribucions.com\/en\/wp-json\/wp\/v2\/media\/2676"}],"wp:attachment":[{"href":"https:\/\/7distribucions.com\/en\/wp-json\/wp\/v2\/media?parent=2675"}],"wp:term":[{"taxonomy":"product_brand","embeddable":true,"href":"https:\/\/7distribucions.com\/en\/wp-json\/wp\/v2\/product_brand?post=2675"},{"taxonomy":"product_cat","embeddable":true,"href":"https:\/\/7distribucions.com\/en\/wp-json\/wp\/v2\/product_cat?post=2675"},{"taxonomy":"product_tag","embeddable":true,"href":"https:\/\/7distribucions.com\/en\/wp-json\/wp\/v2\/product_tag?post=2675"}],"curies":[{"name":"wp","href":"https:\/\/api.w.org\/{rel}","templated":true}]}}