{"id":2669,"date":"2023-04-04T16:10:39","date_gmt":"2023-04-04T16:10:39","guid":{"rendered":"https:\/\/7distribucions.com\/?post_type=product&#038;p=2669"},"modified":"2024-02-02T11:07:33","modified_gmt":"2024-02-02T11:07:33","slug":"electric-weeder","status":"publish","type":"product","link":"https:\/\/7distribucions.com\/en\/producto\/electric-weeder\/","title":{"rendered":"ELECTRIC WEEDER"},"content":{"rendered":"<p>El Electric Weeder es un quemador el\u00e9ctrico que elimina las malas hierbas sin necesidad de qu\u00edmicos y sin usar cartuchos de gas, siendo respetuoso con el medio ambiente. Alcanza una temperatura m\u00e1xima de hasta 650\u00ba.<\/p>\n<p><a href=\"https:\/\/7distribucions.com\/wp-content\/uploads\/2023\/04\/81010.pdf\" target=\"_blank\" rel=\"noopener\"><strong>VER CAT\u00c1LOGO<\/strong><\/a><\/p>\n","protected":false},"excerpt":{"rendered":"<p>El Electric Weeder es un quemador el\u00e9ctrico que elimina las malas hierbas sin necesidad de qu\u00edmicos y sin usar cartuchos de gas, siendo respetuoso con el medio ambiente. Alcanza una&#8230;<\/p>\n","protected":false},"featured_media":2670,"template":"","meta":[],"product_brand":[],"product_cat":[81,79],"product_tag":[],"class_list":{"0":"post-2669","1":"product","2":"type-product","3":"status-publish","4":"has-post-thumbnail","6":"product_cat-matabi","7":"product_cat-pulveritzadors","9":"first","10":"instock","11":"taxable","12":"shipping-taxable","13":"purchasable","14":"product-type-simple"},"_links":{"self":[{"href":"https:\/\/7distribucions.com\/en\/wp-json\/wp\/v2\/product\/2669","targetHints":{"allow":["GET"]}}],"collection":[{"href":"https:\/\/7distribucions.com\/en\/wp-json\/wp\/v2\/product"}],"about":[{"href":"https:\/\/7distribucions.com\/en\/wp-json\/wp\/v2\/types\/product"}],"wp:featuredmedia":[{"embeddable":true,"href":"https:\/\/7distribucions.com\/en\/wp-json\/wp\/v2\/media\/2670"}],"wp:attachment":[{"href":"https:\/\/7distribucions.com\/en\/wp-json\/wp\/v2\/media?parent=2669"}],"wp:term":[{"taxonomy":"product_brand","embeddable":true,"href":"https:\/\/7distribucions.com\/en\/wp-json\/wp\/v2\/product_brand?post=2669"},{"taxonomy":"product_cat","embeddable":true,"href":"https:\/\/7distribucions.com\/en\/wp-json\/wp\/v2\/product_cat?post=2669"},{"taxonomy":"product_tag","embeddable":true,"href":"https:\/\/7distribucions.com\/en\/wp-json\/wp\/v2\/product_tag?post=2669"}],"curies":[{"name":"wp","href":"https:\/\/api.w.org\/{rel}","templated":true}]}}