{"id":2667,"date":"2023-04-04T16:07:09","date_gmt":"2023-04-04T16:07:09","guid":{"rendered":"https:\/\/7distribucions.com\/?post_type=product&#038;p=2667"},"modified":"2024-09-18T08:35:07","modified_gmt":"2024-09-18T08:35:07","slug":"eko-1000cc","status":"publish","type":"product","link":"https:\/\/7distribucions.com\/en\/producto\/eko-1000cc\/","title":{"rendered":"EKO 1000CC"},"content":{"rendered":"<p>Pulverizador dom\u00e9stico con dep\u00f3sito en color natural trasl\u00facido. Capacidad de 1 litro para utilizaci\u00f3n en interiores, terrazas y balcones..<\/p>\n","protected":false},"excerpt":{"rendered":"<p>PEDIDO MINIMO DE 24 UNIDADES<\/p>\n","protected":false},"featured_media":2668,"template":"","meta":[],"product_brand":[],"product_cat":[81,79],"product_tag":[],"class_list":{"0":"post-2667","1":"product","2":"type-product","3":"status-publish","4":"has-post-thumbnail","6":"product_cat-matabi","7":"product_cat-pulveritzadors","9":"first","10":"instock","11":"taxable","12":"shipping-taxable","13":"purchasable","14":"product-type-simple"},"_links":{"self":[{"href":"https:\/\/7distribucions.com\/en\/wp-json\/wp\/v2\/product\/2667","targetHints":{"allow":["GET"]}}],"collection":[{"href":"https:\/\/7distribucions.com\/en\/wp-json\/wp\/v2\/product"}],"about":[{"href":"https:\/\/7distribucions.com\/en\/wp-json\/wp\/v2\/types\/product"}],"wp:featuredmedia":[{"embeddable":true,"href":"https:\/\/7distribucions.com\/en\/wp-json\/wp\/v2\/media\/2668"}],"wp:attachment":[{"href":"https:\/\/7distribucions.com\/en\/wp-json\/wp\/v2\/media?parent=2667"}],"wp:term":[{"taxonomy":"product_brand","embeddable":true,"href":"https:\/\/7distribucions.com\/en\/wp-json\/wp\/v2\/product_brand?post=2667"},{"taxonomy":"product_cat","embeddable":true,"href":"https:\/\/7distribucions.com\/en\/wp-json\/wp\/v2\/product_cat?post=2667"},{"taxonomy":"product_tag","embeddable":true,"href":"https:\/\/7distribucions.com\/en\/wp-json\/wp\/v2\/product_tag?post=2667"}],"curies":[{"name":"wp","href":"https:\/\/api.w.org\/{rel}","templated":true}]}}