{"id":2602,"date":"2023-04-03T23:37:39","date_gmt":"2023-04-03T23:37:39","guid":{"rendered":"https:\/\/7distribucions.com\/?post_type=product&#038;p=2602"},"modified":"2024-09-18T09:47:22","modified_gmt":"2024-09-18T09:47:22","slug":"ik-hc-15","status":"publish","type":"product","link":"https:\/\/7distribucions.com\/en\/producto\/ik-hc-15\/","title":{"rendered":"IK HC 1,5"},"content":{"rendered":"<p>El pulverizador profesional IK HC 1.5 ha sido dise\u00f1ado y fabricado con materiales de m\u00e1xima resistencia para ser utilizado con aceites vegetales y animales, disolventes en base a hidrocarburos, lubricantes y derivados de petr\u00f3leo.<\/p>\n<p>Es ideal para ser empleado en automoci\u00f3n en tareas como la limpieza de frenos, eliminaci\u00f3n de manchas de alquitr\u00e1n y eliminaci\u00f3n de siliconas en tareas previas al pintado de carrocer\u00edas.<\/p>\n<p>El IK HC 1.5 es \u00f3ptimo para aplicaciones industriales de protecci\u00f3n, desengrasadas y lubricaci\u00f3n, as\u00ed como tratamientos de madera.<\/p>\n<p><a href=\"https:\/\/7distribucions.com\/wp-content\/uploads\/2023\/04\/81774.pdf\" target=\"_blank\" rel=\"noopener\"><strong>VER CAT\u00c1LOGO<\/strong><\/a><\/p>\n","protected":false},"excerpt":{"rendered":"<p>PEDIDO MINIMO DE 6 UNIDADES<\/p>\n","protected":false},"featured_media":2603,"template":"","meta":[],"product_brand":[],"product_cat":[80,79],"product_tag":[],"class_list":{"0":"post-2602","1":"product","2":"type-product","3":"status-publish","4":"has-post-thumbnail","6":"product_cat-ik","7":"product_cat-pulveritzadors","9":"first","10":"instock","11":"taxable","12":"shipping-taxable","13":"purchasable","14":"product-type-simple"},"_links":{"self":[{"href":"https:\/\/7distribucions.com\/en\/wp-json\/wp\/v2\/product\/2602","targetHints":{"allow":["GET"]}}],"collection":[{"href":"https:\/\/7distribucions.com\/en\/wp-json\/wp\/v2\/product"}],"about":[{"href":"https:\/\/7distribucions.com\/en\/wp-json\/wp\/v2\/types\/product"}],"wp:featuredmedia":[{"embeddable":true,"href":"https:\/\/7distribucions.com\/en\/wp-json\/wp\/v2\/media\/2603"}],"wp:attachment":[{"href":"https:\/\/7distribucions.com\/en\/wp-json\/wp\/v2\/media?parent=2602"}],"wp:term":[{"taxonomy":"product_brand","embeddable":true,"href":"https:\/\/7distribucions.com\/en\/wp-json\/wp\/v2\/product_brand?post=2602"},{"taxonomy":"product_cat","embeddable":true,"href":"https:\/\/7distribucions.com\/en\/wp-json\/wp\/v2\/product_cat?post=2602"},{"taxonomy":"product_tag","embeddable":true,"href":"https:\/\/7distribucions.com\/en\/wp-json\/wp\/v2\/product_tag?post=2602"}],"curies":[{"name":"wp","href":"https:\/\/api.w.org\/{rel}","templated":true}]}}