{"id":2591,"date":"2023-04-03T23:09:55","date_gmt":"2023-04-03T23:09:55","guid":{"rendered":"https:\/\/7distribucions.com\/?post_type=product&#038;p=2591"},"modified":"2024-09-18T09:31:04","modified_gmt":"2024-09-18T09:31:04","slug":"ik-foam-pro-12","status":"publish","type":"product","link":"https:\/\/7distribucions.com\/en\/producto\/ik-foam-pro-12\/","title":{"rendered":"IK FOAM PRO 12"},"content":{"rendered":"<p>El pulverizador profesional IK FOAM Pro 12 ha sido fabricado para la generaci\u00f3n de espuma seca y duradera. Dise\u00f1ado para ser empleado con agentes qu\u00edmicos con propiedades surfactantes (tensoactivos).<\/p>\n<p>El IK Foam Pro 12 proporciona al usuario una espuma densa y permanente ideal para trabajos de limpieza profesional, saneamiento y desinfecci\u00f3n, limpieza de sistemas de climatizaci\u00f3n (HVAC), lavado y detallado de veh\u00edculos, as\u00ed como para la desinfecci\u00f3n de \u00e1reas de procesado de alimentos y cocinas industriales.<\/p>\n<p>&nbsp;<\/p>\n<p><strong>C\u00d3MO CONSEGUIR UNA ESPUMA PERFECTA<\/strong><\/p>\n<ol>\n<li>Sigue el porcentaje de diluci\u00f3n que recomienda el proveedor del agente espumante a utilizar.<\/li>\n<li>Presurice el pulverizador hasta que salte la v\u00e1lvula de seguridad.<\/li>\n<li>Aseg\u00farate de que los fieltros est\u00e9n limpios.<\/li>\n<\/ol>\n<p><a href=\"https:\/\/7distribucions.com\/wp-content\/uploads\/2023\/04\/82676.pdf\" target=\"_blank\" rel=\"noopener\"><strong>VER CAT\u00c1LOGO<\/strong><\/a><\/p>\n","protected":false},"excerpt":{"rendered":"<p>El pulverizador profesional IK FOAM Pro 12 ha sido fabricado para la generaci\u00f3n de espuma seca y duradera. Dise\u00f1ado para ser empleado con agentes qu\u00edmicos con propiedades surfactantes (tensoactivos). El&#8230;<\/p>\n","protected":false},"featured_media":2592,"template":"","meta":[],"product_brand":[],"product_cat":[80,79],"product_tag":[],"class_list":{"0":"post-2591","1":"product","2":"type-product","3":"status-publish","4":"has-post-thumbnail","6":"product_cat-ik","7":"product_cat-pulveritzadors","9":"first","10":"instock","11":"taxable","12":"shipping-taxable","13":"purchasable","14":"product-type-simple"},"_links":{"self":[{"href":"https:\/\/7distribucions.com\/en\/wp-json\/wp\/v2\/product\/2591","targetHints":{"allow":["GET"]}}],"collection":[{"href":"https:\/\/7distribucions.com\/en\/wp-json\/wp\/v2\/product"}],"about":[{"href":"https:\/\/7distribucions.com\/en\/wp-json\/wp\/v2\/types\/product"}],"wp:featuredmedia":[{"embeddable":true,"href":"https:\/\/7distribucions.com\/en\/wp-json\/wp\/v2\/media\/2592"}],"wp:attachment":[{"href":"https:\/\/7distribucions.com\/en\/wp-json\/wp\/v2\/media?parent=2591"}],"wp:term":[{"taxonomy":"product_brand","embeddable":true,"href":"https:\/\/7distribucions.com\/en\/wp-json\/wp\/v2\/product_brand?post=2591"},{"taxonomy":"product_cat","embeddable":true,"href":"https:\/\/7distribucions.com\/en\/wp-json\/wp\/v2\/product_cat?post=2591"},{"taxonomy":"product_tag","embeddable":true,"href":"https:\/\/7distribucions.com\/en\/wp-json\/wp\/v2\/product_tag?post=2591"}],"curies":[{"name":"wp","href":"https:\/\/api.w.org\/{rel}","templated":true}]}}