{"id":2585,"date":"2023-04-03T23:01:31","date_gmt":"2023-04-03T23:01:31","guid":{"rendered":"https:\/\/7distribucions.com\/?post_type=product&#038;p=2585"},"modified":"2024-09-18T09:39:38","modified_gmt":"2024-09-18T09:39:38","slug":"ik-alk-15","status":"publish","type":"product","link":"https:\/\/7distribucions.com\/en\/producto\/ik-alk-15\/","title":{"rendered":"IK ALK 1,5"},"content":{"rendered":"<p>El pulverizador IK ALK 1,5 est\u00e1 dise\u00f1ado para pulverizar una gran variedad de agentes qu\u00edmicos del mundo de la limpieza y desinfecci\u00f3n. Especialmente indicado para sustancias alcalinas, alcoholes y acetonas. Todas ellas utilizadas para trabajos de limpieza en empresas de procesado de alimentos, cocinas, hornos, suelos, cristales, as\u00ed como eliminaci\u00f3n de grafitis en paredes y en muros.<\/p>\n<p><a href=\"https:\/\/7distribucions.com\/wp-content\/uploads\/2023\/04\/81777.pdf\" target=\"_blank\" rel=\"noopener\"><strong>VER CAT\u00c1LOGO<\/strong><\/a><\/p>\n","protected":false},"excerpt":{"rendered":"<p>PEDIDO MINIMO DE 6 UNIDADES<\/p>\n","protected":false},"featured_media":2586,"template":"","meta":[],"product_brand":[],"product_cat":[80,79],"product_tag":[],"class_list":{"0":"post-2585","1":"product","2":"type-product","3":"status-publish","4":"has-post-thumbnail","6":"product_cat-ik","7":"product_cat-pulveritzadors","9":"first","10":"instock","11":"taxable","12":"shipping-taxable","13":"purchasable","14":"product-type-simple"},"_links":{"self":[{"href":"https:\/\/7distribucions.com\/en\/wp-json\/wp\/v2\/product\/2585","targetHints":{"allow":["GET"]}}],"collection":[{"href":"https:\/\/7distribucions.com\/en\/wp-json\/wp\/v2\/product"}],"about":[{"href":"https:\/\/7distribucions.com\/en\/wp-json\/wp\/v2\/types\/product"}],"wp:featuredmedia":[{"embeddable":true,"href":"https:\/\/7distribucions.com\/en\/wp-json\/wp\/v2\/media\/2586"}],"wp:attachment":[{"href":"https:\/\/7distribucions.com\/en\/wp-json\/wp\/v2\/media?parent=2585"}],"wp:term":[{"taxonomy":"product_brand","embeddable":true,"href":"https:\/\/7distribucions.com\/en\/wp-json\/wp\/v2\/product_brand?post=2585"},{"taxonomy":"product_cat","embeddable":true,"href":"https:\/\/7distribucions.com\/en\/wp-json\/wp\/v2\/product_cat?post=2585"},{"taxonomy":"product_tag","embeddable":true,"href":"https:\/\/7distribucions.com\/en\/wp-json\/wp\/v2\/product_tag?post=2585"}],"curies":[{"name":"wp","href":"https:\/\/api.w.org\/{rel}","templated":true}]}}