{"id":2556,"date":"2023-04-01T00:30:00","date_gmt":"2023-04-01T00:30:00","guid":{"rendered":"https:\/\/7distribucions.com\/?post_type=product&#038;p=2556"},"modified":"2025-01-04T18:21:06","modified_gmt":"2025-01-04T18:21:06","slug":"triggy","status":"publish","type":"product","link":"https:\/\/7distribucions.com\/en\/producto\/triggy\/","title":{"rendered":"TRIGGY"},"content":{"rendered":"<p>Sistema De Limpieza Profesional F\u00e1cil Y Pr\u00e1ctico Dispensa La Soluci\u00f3n Directamente En El Suelo Dep\u00f3sito De Soluci\u00f3n Recargable De 1 Litro Con Tapa Blanda Mango Ergon\u00f3mico Bastidor Intercambiable<\/p>\n","protected":false},"excerpt":{"rendered":"<p>Sistema De Limpieza Profesional F\u00e1cil Y Pr\u00e1ctico Dispensa La Soluci\u00f3n Directamente En El Suelo Dep\u00f3sito De Soluci\u00f3n Recargable De 1 Litro Con Tapa Blanda Mango Ergon\u00f3mico Bastidor Intercambiable<\/p>\n","protected":false},"featured_media":2557,"template":"","meta":[],"product_brand":[],"product_cat":[78,77],"product_tag":[],"class_list":{"0":"post-2556","1":"product","2":"type-product","3":"status-publish","4":"has-post-thumbnail","6":"product_cat-mopas","7":"product_cat-tools_-utensilis-carros","9":"first","10":"instock","11":"taxable","12":"shipping-taxable","13":"purchasable","14":"product-type-simple"},"_links":{"self":[{"href":"https:\/\/7distribucions.com\/en\/wp-json\/wp\/v2\/product\/2556","targetHints":{"allow":["GET"]}}],"collection":[{"href":"https:\/\/7distribucions.com\/en\/wp-json\/wp\/v2\/product"}],"about":[{"href":"https:\/\/7distribucions.com\/en\/wp-json\/wp\/v2\/types\/product"}],"wp:featuredmedia":[{"embeddable":true,"href":"https:\/\/7distribucions.com\/en\/wp-json\/wp\/v2\/media\/2557"}],"wp:attachment":[{"href":"https:\/\/7distribucions.com\/en\/wp-json\/wp\/v2\/media?parent=2556"}],"wp:term":[{"taxonomy":"product_brand","embeddable":true,"href":"https:\/\/7distribucions.com\/en\/wp-json\/wp\/v2\/product_brand?post=2556"},{"taxonomy":"product_cat","embeddable":true,"href":"https:\/\/7distribucions.com\/en\/wp-json\/wp\/v2\/product_cat?post=2556"},{"taxonomy":"product_tag","embeddable":true,"href":"https:\/\/7distribucions.com\/en\/wp-json\/wp\/v2\/product_tag?post=2556"}],"curies":[{"name":"wp","href":"https:\/\/api.w.org\/{rel}","templated":true}]}}