{"id":2508,"date":"2023-03-31T18:21:23","date_gmt":"2023-03-31T18:21:23","guid":{"rendered":"https:\/\/7distribucions.com\/?post_type=product&#038;p=2508"},"modified":"2025-01-04T18:20:56","modified_gmt":"2025-01-04T18:20:56","slug":"brix-school-black-is-green","status":"publish","type":"product","link":"https:\/\/7distribucions.com\/en\/producto\/brix-school-black-is-green\/","title":{"rendered":"BRIX SCHOOL BLACK IS GREEN"},"content":{"rendered":"<p><strong>BLACK IS GREEN<\/strong><\/p>\n<p>El Carro Brix School Black is Green est\u00e1 fabricado con pl\u00e1stico reciclado (polipropileno negro) respetando los m\u00e1s elevados est\u00e1ndares de sostenibilidad. La marca patentada Black is Green es consecuencia de una documentaci\u00f3n transparente desde la cadena de suministros, de los procesos de calidad, requisitos de gesti\u00f3n hasta su fabricaci\u00f3n.<\/p>\n<p><strong>Certificaci\u00f3n T\u00dcV NORD CERT GMBH BASE<\/strong><\/p>\n<p>Base en polipropileno de gran resistencia a impactos y agentes qu\u00edmicos, adem\u00e1s de ser un material ultra ligero. Ergon\u00f3mico puesto que est\u00e1 fabricado con estructura a nido de abeja que posibilita el reparto del peso por toda la estructura del carro, facilitando su conducci\u00f3n y maniobra.<\/p>\n<p><strong>RUEDAS GIRATORIAS<\/strong><\/p>\n<p>Ruedas giratorias de 125 mm di\u00e1metro en polipropileno y fibra de vidrio, montadas en cojinetes que le otorga una caracter\u00edstica de robustez y facilita el desplazamiento del carro cuando cargado. Extremadamente silenciosas. El carro viene con 4 ruedas giratorias con paragolpes, siendo dos de ellas con frenos para inmovilizar el carro en pasillos con pendientes.<\/p>\n<p><strong>PUERTAS<\/strong><\/p>\n<p>Compuesto con 4 puertas de seguridad con llave, impidiendo la manipulaci\u00f3n de agentes qu\u00edmicos o consumibles por parte de cualquier persona ajena al trabajo de limpieza y desinfecci\u00f3n.<\/p>\n<p><strong>MANILLAR<\/strong><\/p>\n<p>Manillar de empuje ergon\u00f3mico con paragolpes.<\/p>\n<p><strong>PORTASACO<\/strong><\/p>\n<p>Portasaco con tapa y pedal con capacidad para bolsas de 120 lts o bien 2 x 70 lt para el caso de recogida selectiva.<\/p>\n<p><strong>Opcionales:<\/strong><\/p>\n<ul>\n<li>Portasaco con porta documentos<\/li>\n<li>Portasaco 3 x 40 lts<\/li>\n<\/ul>\n<p><strong>SISTEMA DE FREGADO<\/strong> Sistema de fregado con doble cubo y prensa Kinetic. La nueva Prensa Kinetic permite trabajar con todos los sistemas de fregado: fregona industrial y mopa plana. \u00danica en el mercado.<\/p>\n","protected":false},"excerpt":{"rendered":"<p>BLACK IS GREEN El Carro Brix School Black is Green est\u00e1 fabricado con pl\u00e1stico reciclado (polipropileno negro) respetando los m\u00e1s elevados est\u00e1ndares de sostenibilidad. La marca patentada Black is Green&#8230;<\/p>\n","protected":false},"featured_media":2510,"template":"","meta":[],"product_brand":[],"product_cat":[77],"product_tag":[],"class_list":{"0":"post-2508","1":"product","2":"type-product","3":"status-publish","4":"has-post-thumbnail","6":"product_cat-tools_-utensilis-carros","8":"first","9":"instock","10":"taxable","11":"shipping-taxable","12":"purchasable","13":"product-type-simple"},"_links":{"self":[{"href":"https:\/\/7distribucions.com\/en\/wp-json\/wp\/v2\/product\/2508","targetHints":{"allow":["GET"]}}],"collection":[{"href":"https:\/\/7distribucions.com\/en\/wp-json\/wp\/v2\/product"}],"about":[{"href":"https:\/\/7distribucions.com\/en\/wp-json\/wp\/v2\/types\/product"}],"wp:featuredmedia":[{"embeddable":true,"href":"https:\/\/7distribucions.com\/en\/wp-json\/wp\/v2\/media\/2510"}],"wp:attachment":[{"href":"https:\/\/7distribucions.com\/en\/wp-json\/wp\/v2\/media?parent=2508"}],"wp:term":[{"taxonomy":"product_brand","embeddable":true,"href":"https:\/\/7distribucions.com\/en\/wp-json\/wp\/v2\/product_brand?post=2508"},{"taxonomy":"product_cat","embeddable":true,"href":"https:\/\/7distribucions.com\/en\/wp-json\/wp\/v2\/product_cat?post=2508"},{"taxonomy":"product_tag","embeddable":true,"href":"https:\/\/7distribucions.com\/en\/wp-json\/wp\/v2\/product_tag?post=2508"}],"curies":[{"name":"wp","href":"https:\/\/api.w.org\/{rel}","templated":true}]}}